{"id":1023,"date":"2022-03-31T11:19:37","date_gmt":"2022-03-31T11:19:37","guid":{"rendered":"https:\/\/coralpapeleria.cl\/?post_type=product&#038;p=1023"},"modified":"2022-03-31T11:19:56","modified_gmt":"2022-03-31T11:19:56","slug":"30-pen-68-caja-metalica","status":"publish","type":"product","link":"https:\/\/coralpapeleria.cl\/index.php\/product\/30-pen-68-caja-metalica\/","title":{"rendered":"30 Pen 68 Caja Metalica"},"content":{"rendered":"","protected":false},"excerpt":{"rendered":"<p>30 Marcadores punta fina PEN 68 en caja met\u00e1lica colores surtidos.<\/p>\n<p>Medidas: 3.1 x 20.2 x 33.4 cm<\/p>\n<p>&nbsp;<\/p>\n","protected":false},"featured_media":1025,"comment_status":"open","ping_status":"closed","template":"","meta":{"spay_email":"","_joinchat":[]},"product_cat":[85,90],"product_tag":[126,91,192,76],"class_list":["post-1023","product","type-product","status-publish","has-post-thumbnail","hentry","product_cat-tira-lineas","product_cat-stabilo-tira-lineas","product_tag-marcadores","product_tag-pen-68","product_tag-punta-fina","product_tag-stabilo"],"jetpack-related-posts":[{"id":1064,"url":"https:\/\/coralpapeleria.cl\/index.php\/product\/20-pen-68-caja-metalica-stabilo\/","url_meta":{"origin":1023,"position":0},"title":"20 Pen 68 Caja Metalica Stabilo","date":"11 de mayo de 2022","format":false,"excerpt":"20 Marcadores punta fina PEN 68 en caja met\u00e1lica colores surtidos","rel":"","context":"Entrada similar","img":{"alt_text":"","src":"https:\/\/i0.wp.com\/coralpapeleria.cl\/wp-content\/uploads\/2022\/05\/376490-2.png?resize=350%2C200&ssl=1","width":350,"height":200},"classes":[]},{"id":1061,"url":"https:\/\/coralpapeleria.cl\/index.php\/product\/40-pen-68-caja-metalica-stabilo\/","url_meta":{"origin":1023,"position":1},"title":"40 Pen 68 Caja Metalica Stabilo","date":"11 de mayo de 2022","format":false,"excerpt":"40 Marcadores punta fina PEN 68 en caja met\u00e1lica colores surtidos","rel":"","context":"Entrada similar","img":{"alt_text":"","src":"https:\/\/i0.wp.com\/coralpapeleria.cl\/wp-content\/uploads\/2022\/05\/376490-1.png?resize=350%2C200&ssl=1","width":350,"height":200},"classes":[]},{"id":1033,"url":"https:\/\/coralpapeleria.cl\/index.php\/product\/pack-6-pen-68-colores-metalicos\/","url_meta":{"origin":1023,"position":2},"title":"Pack 6 Pen 68 Colores Met\u00e1licos","date":"18 de abril de 2022","format":false,"excerpt":"Pack de 6 Pen 68 tinta met\u00e1lica, en formato coleccionable de caja met\u00e1lica. Stabilo","rel":"","context":"Entrada similar","img":{"alt_text":"","src":"https:\/\/i0.wp.com\/coralpapeleria.cl\/wp-content\/uploads\/2022\/04\/caja-metalica.jpg?resize=350%2C200&ssl=1","width":350,"height":200},"classes":[]},{"id":1036,"url":"https:\/\/coralpapeleria.cl\/index.php\/product\/pack-2-pen-68-colores-metalicos\/","url_meta":{"origin":1023,"position":3},"title":"Pack 2 Pen 68 Colores Met\u00e1licos","date":"18 de abril de 2022","format":false,"excerpt":"Pack de 2 Pen 68 tinta met\u00e1lica, colores plata y dorado en formato bl\u00edster. Stabilo.","rel":"","context":"Entrada similar","img":{"alt_text":"","src":"https:\/\/i0.wp.com\/coralpapeleria.cl\/wp-content\/uploads\/2022\/04\/caja-metalica-2.jpg?resize=350%2C200&ssl=1","width":350,"height":200},"classes":[]},{"id":1067,"url":"https:\/\/coralpapeleria.cl\/index.php\/product\/set-18-pen-68-brush-arty-stabilo\/","url_meta":{"origin":1023,"position":4},"title":"Set 18 Pen 68 Brush Arty Stabilo","date":"11 de mayo de 2022","format":false,"excerpt":"Stabilo Pen 68 Brush. Estuche de 18 colores. Vers\u00e1tiles brush a base de agua vienen en tonos arco\u00edris, perfectos para caligraf\u00eda y lettering en papeles, planner o Bullet Journal. El grosor de trazo puede variar f\u00e1cilmente ajustando la presi\u00f3n. Ideal para lettering, colorear, destacar, resaltar y sombrear. F\u00e1cil de usar\u2026","rel":"","context":"Entrada similar","img":{"alt_text":"","src":"https:\/\/i0.wp.com\/coralpapeleria.cl\/wp-content\/uploads\/2022\/05\/376490-6.png?resize=350%2C200&ssl=1","width":350,"height":200},"classes":[]},{"id":1058,"url":"https:\/\/coralpapeleria.cl\/index.php\/product\/50-point-88-caja-metalica-stabilo\/","url_meta":{"origin":1023,"position":5},"title":"50 Point 88 Caja Metalica Stabilo","date":"11 de mayo de 2022","format":false,"excerpt":"50 Tiral\u00edneas o fineliner punta 0,4 mm POINT 88 caja met\u00e1lica colores surtidos","rel":"","context":"Con 1 comentario","img":{"alt_text":"","src":"https:\/\/i0.wp.com\/coralpapeleria.cl\/wp-content\/uploads\/2022\/05\/Disen\u0303o-sin-ti\u0301tulo-6.png?resize=350%2C200&ssl=1","width":350,"height":200},"classes":[]}],"_links":{"self":[{"href":"https:\/\/coralpapeleria.cl\/index.php\/wp-json\/wp\/v2\/product\/1023","targetHints":{"allow":["GET"]}}],"collection":[{"href":"https:\/\/coralpapeleria.cl\/index.php\/wp-json\/wp\/v2\/product"}],"about":[{"href":"https:\/\/coralpapeleria.cl\/index.php\/wp-json\/wp\/v2\/types\/product"}],"replies":[{"embeddable":true,"href":"https:\/\/coralpapeleria.cl\/index.php\/wp-json\/wp\/v2\/comments?post=1023"}],"wp:featuredmedia":[{"embeddable":true,"href":"https:\/\/coralpapeleria.cl\/index.php\/wp-json\/wp\/v2\/media\/1025"}],"wp:attachment":[{"href":"https:\/\/coralpapeleria.cl\/index.php\/wp-json\/wp\/v2\/media?parent=1023"}],"wp:term":[{"taxonomy":"product_cat","embeddable":true,"href":"https:\/\/coralpapeleria.cl\/index.php\/wp-json\/wp\/v2\/product_cat?post=1023"},{"taxonomy":"product_tag","embeddable":true,"href":"https:\/\/coralpapeleria.cl\/index.php\/wp-json\/wp\/v2\/product_tag?post=1023"}],"curies":[{"name":"wp","href":"https:\/\/api.w.org\/{rel}","templated":true}]}}