{"id":1036,"date":"2022-04-18T04:26:25","date_gmt":"2022-04-18T04:26:25","guid":{"rendered":"https:\/\/coralpapeleria.cl\/?post_type=product&#038;p=1036"},"modified":"2022-04-18T04:26:25","modified_gmt":"2022-04-18T04:26:25","slug":"pack-2-pen-68-colores-metalicos","status":"publish","type":"product","link":"https:\/\/coralpapeleria.cl\/index.php\/product\/pack-2-pen-68-colores-metalicos\/","title":{"rendered":"Pack 2 Pen 68 Colores Met\u00e1licos"},"content":{"rendered":"","protected":false},"excerpt":{"rendered":"<p>Pack de 2 Pen 68 tinta met\u00e1lica, colores plata y dorado en formato bl\u00edster.<\/p>\n<p>Stabilo.<\/p>\n","protected":false},"featured_media":1037,"comment_status":"open","ping_status":"closed","template":"","meta":{"spay_email":"","_joinchat":[]},"product_cat":[85,90],"product_tag":[191,201,198,111,87,76],"class_list":["post-1036","product","type-product","status-publish","has-post-thumbnail","hentry","product_cat-tira-lineas","product_cat-stabilo-tira-lineas","product_tag-blister","product_tag-metalic","product_tag-metalicos","product_tag-rhein","product_tag-rotuladores","product_tag-stabilo"],"jetpack-related-posts":[{"id":1033,"url":"https:\/\/coralpapeleria.cl\/index.php\/product\/pack-6-pen-68-colores-metalicos\/","url_meta":{"origin":1036,"position":0},"title":"Pack 6 Pen 68 Colores Met\u00e1licos","date":"18 de abril de 2022","format":false,"excerpt":"Pack de 6 Pen 68 tinta met\u00e1lica, en formato coleccionable de caja met\u00e1lica. Stabilo","rel":"","context":"Entrada similar","img":{"alt_text":"","src":"https:\/\/i0.wp.com\/coralpapeleria.cl\/wp-content\/uploads\/2022\/04\/caja-metalica.jpg?resize=350%2C200&ssl=1","width":350,"height":200},"classes":[]},{"id":1064,"url":"https:\/\/coralpapeleria.cl\/index.php\/product\/20-pen-68-caja-metalica-stabilo\/","url_meta":{"origin":1036,"position":1},"title":"20 Pen 68 Caja Metalica Stabilo","date":"11 de mayo de 2022","format":false,"excerpt":"20 Marcadores punta fina PEN 68 en caja met\u00e1lica colores surtidos","rel":"","context":"Entrada similar","img":{"alt_text":"","src":"https:\/\/i0.wp.com\/coralpapeleria.cl\/wp-content\/uploads\/2022\/05\/376490-2.png?resize=350%2C200&ssl=1","width":350,"height":200},"classes":[]},{"id":1061,"url":"https:\/\/coralpapeleria.cl\/index.php\/product\/40-pen-68-caja-metalica-stabilo\/","url_meta":{"origin":1036,"position":2},"title":"40 Pen 68 Caja Metalica Stabilo","date":"11 de mayo de 2022","format":false,"excerpt":"40 Marcadores punta fina PEN 68 en caja met\u00e1lica colores surtidos","rel":"","context":"Entrada similar","img":{"alt_text":"","src":"https:\/\/i0.wp.com\/coralpapeleria.cl\/wp-content\/uploads\/2022\/05\/376490-1.png?resize=350%2C200&ssl=1","width":350,"height":200},"classes":[]},{"id":1023,"url":"https:\/\/coralpapeleria.cl\/index.php\/product\/30-pen-68-caja-metalica\/","url_meta":{"origin":1036,"position":3},"title":"30 Pen 68 Caja Metalica","date":"31 de marzo de 2022","format":false,"excerpt":"30 Marcadores punta fina PEN 68 en caja met\u00e1lica colores surtidos. Medidas: 3.1 x 20.2 x 33.4 cm \u00a0","rel":"","context":"Entrada similar","img":{"alt_text":"","src":"https:\/\/i0.wp.com\/coralpapeleria.cl\/wp-content\/uploads\/2022\/03\/Disen\u0303o-sin-ti\u0301tulo-3.jpg?resize=350%2C200&ssl=1","width":350,"height":200},"classes":[]},{"id":1038,"url":"https:\/\/coralpapeleria.cl\/index.php\/product\/pack-3-destacadores-boss-pastel-limon-celeste\/","url_meta":{"origin":1036,"position":4},"title":"Pack 3 Destacadores Boss Pastel-Limon-Celeste","date":"18 de abril de 2022","format":false,"excerpt":"3 destacadores Pastel Boss en bl\u00edster color lim\u00f3n, celeste y coral pastel. Para resaltar y marcar todo lo que necesites. Mayor duraci\u00f3n y rendimiento con calidad alemana. Stabilo.","rel":"","context":"Entrada similar","img":{"alt_text":"","src":"https:\/\/i0.wp.com\/coralpapeleria.cl\/wp-content\/uploads\/2022\/04\/caja-metalica-3.jpg?resize=350%2C200&ssl=1","width":350,"height":200},"classes":[]},{"id":1067,"url":"https:\/\/coralpapeleria.cl\/index.php\/product\/set-18-pen-68-brush-arty-stabilo\/","url_meta":{"origin":1036,"position":5},"title":"Set 18 Pen 68 Brush Arty Stabilo","date":"11 de mayo de 2022","format":false,"excerpt":"Stabilo Pen 68 Brush. Estuche de 18 colores. Vers\u00e1tiles brush a base de agua vienen en tonos arco\u00edris, perfectos para caligraf\u00eda y lettering en papeles, planner o Bullet Journal. El grosor de trazo puede variar f\u00e1cilmente ajustando la presi\u00f3n. Ideal para lettering, colorear, destacar, resaltar y sombrear. F\u00e1cil de usar\u2026","rel":"","context":"Entrada similar","img":{"alt_text":"","src":"https:\/\/i0.wp.com\/coralpapeleria.cl\/wp-content\/uploads\/2022\/05\/376490-6.png?resize=350%2C200&ssl=1","width":350,"height":200},"classes":[]}],"_links":{"self":[{"href":"https:\/\/coralpapeleria.cl\/index.php\/wp-json\/wp\/v2\/product\/1036","targetHints":{"allow":["GET"]}}],"collection":[{"href":"https:\/\/coralpapeleria.cl\/index.php\/wp-json\/wp\/v2\/product"}],"about":[{"href":"https:\/\/coralpapeleria.cl\/index.php\/wp-json\/wp\/v2\/types\/product"}],"replies":[{"embeddable":true,"href":"https:\/\/coralpapeleria.cl\/index.php\/wp-json\/wp\/v2\/comments?post=1036"}],"wp:featuredmedia":[{"embeddable":true,"href":"https:\/\/coralpapeleria.cl\/index.php\/wp-json\/wp\/v2\/media\/1037"}],"wp:attachment":[{"href":"https:\/\/coralpapeleria.cl\/index.php\/wp-json\/wp\/v2\/media?parent=1036"}],"wp:term":[{"taxonomy":"product_cat","embeddable":true,"href":"https:\/\/coralpapeleria.cl\/index.php\/wp-json\/wp\/v2\/product_cat?post=1036"},{"taxonomy":"product_tag","embeddable":true,"href":"https:\/\/coralpapeleria.cl\/index.php\/wp-json\/wp\/v2\/product_tag?post=1036"}],"curies":[{"name":"wp","href":"https:\/\/api.w.org\/{rel}","templated":true}]}}