{"id":1041,"date":"2022-04-18T04:39:12","date_gmt":"2022-04-18T04:39:12","guid":{"rendered":"https:\/\/coralpapeleria.cl\/?post_type=product&#038;p=1041"},"modified":"2022-04-18T04:41:31","modified_gmt":"2022-04-18T04:41:31","slug":"pack-4-destacadores-boss-pastel","status":"publish","type":"product","link":"https:\/\/coralpapeleria.cl\/index.php\/product\/pack-4-destacadores-boss-pastel\/","title":{"rendered":"Pack 4 Destacadores Boss Pastel"},"content":{"rendered":"","protected":false},"excerpt":{"rendered":"<p>4 destacadores Pastel Boss en pack color menta, turquesa, rosa y lila.<\/p>\n<p>Para resaltar y marcar todo lo que necesites.<\/p>\n<p>Mayor duraci\u00f3n y rendimiento con calidad alemana.<\/p>\n","protected":false},"featured_media":1043,"comment_status":"open","ping_status":"closed","template":"","meta":{"spay_email":"","_joinchat":[]},"product_cat":[195],"product_tag":[82,174,202,81,194,76],"class_list":["post-1041","product","type-product","status-publish","has-post-thumbnail","hentry","product_cat-set-destacadores","product_tag-boss","product_tag-destacadores","product_tag-pack","product_tag-pastel","product_tag-set","product_tag-stabilo"],"jetpack-related-posts":[{"id":1038,"url":"https:\/\/coralpapeleria.cl\/index.php\/product\/pack-3-destacadores-boss-pastel-limon-celeste\/","url_meta":{"origin":1041,"position":0},"title":"Pack 3 Destacadores Boss Pastel-Limon-Celeste","date":"18 de abril de 2022","format":false,"excerpt":"3 destacadores Pastel Boss en bl\u00edster color lim\u00f3n, celeste y coral pastel. Para resaltar y marcar todo lo que necesites. Mayor duraci\u00f3n y rendimiento con calidad alemana. Stabilo.","rel":"","context":"Entrada similar","img":{"alt_text":"","src":"https:\/\/i0.wp.com\/coralpapeleria.cl\/wp-content\/uploads\/2022\/04\/caja-metalica-3.jpg?resize=350%2C200&ssl=1","width":350,"height":200},"classes":[]},{"id":1080,"url":"https:\/\/coralpapeleria.cl\/index.php\/product\/4-destacador-boss-pastel-limon-cherry-coral-celeste-blister\/","url_meta":{"origin":1041,"position":1},"title":"4 Destacador Boss Pastel Limon, Cherry, Coral, Celeste Blister","date":"11 de mayo de 2022","format":false,"excerpt":"4 destacadores PASTEL BOSS en pack color lim\u00f3n, celeste, cherry y coral pastel para resaltar y marcar todo lo que necesites. Mayor duraci\u00f3n y rendimiento con calidad alemana.","rel":"","context":"Entrada similar","img":{"alt_text":"","src":"https:\/\/i0.wp.com\/coralpapeleria.cl\/wp-content\/uploads\/2022\/05\/Disen\u0303o-sin-ti\u0301tulo-7.png?resize=350%2C200&ssl=1","width":350,"height":200},"classes":[]},{"id":1085,"url":"https:\/\/coralpapeleria.cl\/index.php\/product\/8-destacadores-boss-pastel-wallet\/","url_meta":{"origin":1041,"position":2},"title":"8 Destacadores Boss Pastel Wallet","date":"11 de mayo de 2022","format":false,"excerpt":"Pack de 8 destacadores PASTEL BOSS para resaltar y marcar todo lo que necesites. Mayor duraci\u00f3n y rendimiento con calidad alemana.","rel":"","context":"Entrada similar","img":{"alt_text":"","src":"https:\/\/i0.wp.com\/coralpapeleria.cl\/wp-content\/uploads\/2022\/05\/Disen\u0303o-sin-ti\u0301tulo-10.png?resize=350%2C200&ssl=1","width":350,"height":200},"classes":[]},{"id":1122,"url":"https:\/\/coralpapeleria.cl\/index.php\/product\/set-6-destacadores-stabilo-boss-pastel\/","url_meta":{"origin":1041,"position":3},"title":"Set 6 Destacadores Stabilo Boss Pastel","date":"20 de febrero de 2023","format":false,"excerpt":"6 destacadores PASTEL BOSS en pack color menta, turquesa, rosa, amarillo, naranjo y lila para resaltar y marcar todo lo que necesites. Mayor duraci\u00f3n y rendimiento con calidad alemana.","rel":"","context":"Entrada similar","img":{"alt_text":"","src":"https:\/\/i0.wp.com\/coralpapeleria.cl\/wp-content\/uploads\/2023\/02\/Diseno-sin-titulo-16.png?resize=350%2C200&ssl=1","width":350,"height":200},"classes":[]},{"id":1026,"url":"https:\/\/coralpapeleria.cl\/index.php\/product\/set-15-destacadores-neon-pastel\/","url_meta":{"origin":1041,"position":4},"title":"Set 15 Destacadores Neon-Pastel","date":"31 de marzo de 2022","format":false,"excerpt":"Pack de 15 destacadores Stabilo Boss. Colores pastel + Ne\u00f3n Mayor duraci\u00f3n y rendimiento con calidad alemana.","rel":"","context":"Entrada similar","img":{"alt_text":"","src":"https:\/\/i0.wp.com\/coralpapeleria.cl\/wp-content\/uploads\/2022\/03\/Set-15-destacadores-2.jpg?resize=350%2C200&ssl=1","width":350,"height":200},"classes":[]},{"id":1021,"url":"https:\/\/coralpapeleria.cl\/index.php\/product\/3-destacadores-pastel\/","url_meta":{"origin":1041,"position":5},"title":"Pack 3 Destacadores Pastel","date":"31 de marzo de 2022","format":false,"excerpt":"3 destacadores Stabilo Pastel Boss en bl\u00edster. Colores amarillo, lila y turquesa. \u00a0","rel":"","context":"Entrada similar","img":{"alt_text":"","src":"https:\/\/i0.wp.com\/coralpapeleria.cl\/wp-content\/uploads\/2022\/03\/Disen\u0303o-sin-ti\u0301tulo-2.jpg?resize=350%2C200&ssl=1","width":350,"height":200},"classes":[]}],"_links":{"self":[{"href":"https:\/\/coralpapeleria.cl\/index.php\/wp-json\/wp\/v2\/product\/1041","targetHints":{"allow":["GET"]}}],"collection":[{"href":"https:\/\/coralpapeleria.cl\/index.php\/wp-json\/wp\/v2\/product"}],"about":[{"href":"https:\/\/coralpapeleria.cl\/index.php\/wp-json\/wp\/v2\/types\/product"}],"replies":[{"embeddable":true,"href":"https:\/\/coralpapeleria.cl\/index.php\/wp-json\/wp\/v2\/comments?post=1041"}],"wp:featuredmedia":[{"embeddable":true,"href":"https:\/\/coralpapeleria.cl\/index.php\/wp-json\/wp\/v2\/media\/1043"}],"wp:attachment":[{"href":"https:\/\/coralpapeleria.cl\/index.php\/wp-json\/wp\/v2\/media?parent=1041"}],"wp:term":[{"taxonomy":"product_cat","embeddable":true,"href":"https:\/\/coralpapeleria.cl\/index.php\/wp-json\/wp\/v2\/product_cat?post=1041"},{"taxonomy":"product_tag","embeddable":true,"href":"https:\/\/coralpapeleria.cl\/index.php\/wp-json\/wp\/v2\/product_tag?post=1041"}],"curies":[{"name":"wp","href":"https:\/\/api.w.org\/{rel}","templated":true}]}}