{"id":1058,"date":"2022-05-11T01:41:19","date_gmt":"2022-05-11T01:41:19","guid":{"rendered":"https:\/\/coralpapeleria.cl\/?post_type=product&#038;p=1058"},"modified":"2025-02-09T21:46:41","modified_gmt":"2025-02-09T21:46:41","slug":"50-point-88-caja-metalica-stabilo","status":"publish","type":"product","link":"https:\/\/coralpapeleria.cl\/index.php\/product\/50-point-88-caja-metalica-stabilo\/","title":{"rendered":"50 Point 88 Caja Metalica Stabilo"},"content":{"rendered":"","protected":false},"excerpt":{"rendered":"<p>50 Tiral\u00edneas o fineliner punta 0,4 mm POINT 88 caja met\u00e1lica colores surtidos<\/p>\n","protected":false},"featured_media":1060,"comment_status":"open","ping_status":"closed","template":"","meta":{"spay_email":"","_joinchat":[]},"product_cat":[85,90],"product_tag":[209,207,82,208,87,76],"class_list":["post-1058","product","type-product","status-publish","has-post-thumbnail","hentry","product_cat-tira-lineas","product_cat-stabilo-tira-lineas","product_tag-50-colores","product_tag-88-point","product_tag-boss","product_tag-caja-metalica","product_tag-rotuladores","product_tag-stabilo"],"jetpack-related-posts":[{"id":1113,"url":"https:\/\/coralpapeleria.cl\/index.php\/product\/set-stabilo-point-88-40-colores\/","url_meta":{"origin":1058,"position":0},"title":"Set Stabilo Point 88 &#8211; 40 Colores","date":"20 de febrero de 2023","format":false,"excerpt":"40 Tiral\u00edneas o fineliner punta 0,4 mm POINT 88 bl\u00edster colores surtidos","rel":"","context":"Entrada similar","img":{"alt_text":"","src":"https:\/\/i0.wp.com\/coralpapeleria.cl\/wp-content\/uploads\/2023\/02\/Diseno-sin-titulo-8.png?resize=350%2C200&ssl=1","width":350,"height":200},"classes":[]},{"id":2557,"url":"https:\/\/coralpapeleria.cl\/index.php\/product\/set-8-point-88-pastel-stabilo\/","url_meta":{"origin":1058,"position":1},"title":"Stabilo 8 Point 88 Pastel","date":"24 de febrero de 2023","format":false,"excerpt":"8 Tiral\u00edneas o fineliner punta 0,4 mm POINT 88 bl\u00edster colores surtidos pasteles.","rel":"","context":"Entrada similar","img":{"alt_text":"","src":"https:\/\/i0.wp.com\/coralpapeleria.cl\/wp-content\/uploads\/2023\/02\/PAGINA-WEB.png?resize=350%2C200&ssl=1","width":350,"height":200},"classes":[]},{"id":1061,"url":"https:\/\/coralpapeleria.cl\/index.php\/product\/40-pen-68-caja-metalica-stabilo\/","url_meta":{"origin":1058,"position":2},"title":"40 Pen 68 Caja Metalica Stabilo","date":"11 de mayo de 2022","format":false,"excerpt":"40 Marcadores punta fina PEN 68 en caja met\u00e1lica colores surtidos","rel":"","context":"Entrada similar","img":{"alt_text":"","src":"https:\/\/i0.wp.com\/coralpapeleria.cl\/wp-content\/uploads\/2022\/05\/376490-1.png?resize=350%2C200&ssl=1","width":350,"height":200},"classes":[]},{"id":1064,"url":"https:\/\/coralpapeleria.cl\/index.php\/product\/20-pen-68-caja-metalica-stabilo\/","url_meta":{"origin":1058,"position":3},"title":"20 Pen 68 Caja Metalica Stabilo","date":"11 de mayo de 2022","format":false,"excerpt":"20 Marcadores punta fina PEN 68 en caja met\u00e1lica colores surtidos","rel":"","context":"Entrada similar","img":{"alt_text":"","src":"https:\/\/i0.wp.com\/coralpapeleria.cl\/wp-content\/uploads\/2022\/05\/376490-2.png?resize=350%2C200&ssl=1","width":350,"height":200},"classes":[]},{"id":1023,"url":"https:\/\/coralpapeleria.cl\/index.php\/product\/30-pen-68-caja-metalica\/","url_meta":{"origin":1058,"position":4},"title":"30 Pen 68 Caja Metalica","date":"31 de marzo de 2022","format":false,"excerpt":"30 Marcadores punta fina PEN 68 en caja met\u00e1lica colores surtidos. Medidas: 3.1 x 20.2 x 33.4 cm \u00a0","rel":"","context":"Entrada similar","img":{"alt_text":"","src":"https:\/\/i0.wp.com\/coralpapeleria.cl\/wp-content\/uploads\/2022\/03\/Disen\u0303o-sin-ti\u0301tulo-3.jpg?resize=350%2C200&ssl=1","width":350,"height":200},"classes":[]},{"id":1033,"url":"https:\/\/coralpapeleria.cl\/index.php\/product\/pack-6-pen-68-colores-metalicos\/","url_meta":{"origin":1058,"position":5},"title":"Pack 6 Pen 68 Colores Met\u00e1licos","date":"18 de abril de 2022","format":false,"excerpt":"Pack de 6 Pen 68 tinta met\u00e1lica, en formato coleccionable de caja met\u00e1lica. Stabilo","rel":"","context":"Entrada similar","img":{"alt_text":"","src":"https:\/\/i0.wp.com\/coralpapeleria.cl\/wp-content\/uploads\/2022\/04\/caja-metalica.jpg?resize=350%2C200&ssl=1","width":350,"height":200},"classes":[]}],"_links":{"self":[{"href":"https:\/\/coralpapeleria.cl\/index.php\/wp-json\/wp\/v2\/product\/1058","targetHints":{"allow":["GET"]}}],"collection":[{"href":"https:\/\/coralpapeleria.cl\/index.php\/wp-json\/wp\/v2\/product"}],"about":[{"href":"https:\/\/coralpapeleria.cl\/index.php\/wp-json\/wp\/v2\/types\/product"}],"replies":[{"embeddable":true,"href":"https:\/\/coralpapeleria.cl\/index.php\/wp-json\/wp\/v2\/comments?post=1058"}],"wp:featuredmedia":[{"embeddable":true,"href":"https:\/\/coralpapeleria.cl\/index.php\/wp-json\/wp\/v2\/media\/1060"}],"wp:attachment":[{"href":"https:\/\/coralpapeleria.cl\/index.php\/wp-json\/wp\/v2\/media?parent=1058"}],"wp:term":[{"taxonomy":"product_cat","embeddable":true,"href":"https:\/\/coralpapeleria.cl\/index.php\/wp-json\/wp\/v2\/product_cat?post=1058"},{"taxonomy":"product_tag","embeddable":true,"href":"https:\/\/coralpapeleria.cl\/index.php\/wp-json\/wp\/v2\/product_tag?post=1058"}],"curies":[{"name":"wp","href":"https:\/\/api.w.org\/{rel}","templated":true}]}}