{"id":1067,"date":"2022-05-11T14:49:58","date_gmt":"2022-05-11T14:49:58","guid":{"rendered":"https:\/\/coralpapeleria.cl\/?post_type=product&#038;p=1067"},"modified":"2022-05-11T15:02:40","modified_gmt":"2022-05-11T15:02:40","slug":"set-18-pen-68-brush-arty-stabilo","status":"publish","type":"product","link":"https:\/\/coralpapeleria.cl\/index.php\/product\/set-18-pen-68-brush-arty-stabilo\/","title":{"rendered":"Set 18 Pen 68 Brush Arty Stabilo"},"content":{"rendered":"","protected":false},"excerpt":{"rendered":"<p>Stabilo Pen 68 Brush. Estuche de 18 colores. Vers\u00e1tiles brush a base de agua vienen en tonos arco\u00edris, perfectos para caligraf\u00eda y lettering en papeles, planner o Bullet Journal.<\/p>\n<ul class=\"a-unordered-list a-vertical a-spacing-mini\">\n<li><span class=\"a-list-item\">El grosor de trazo puede variar f\u00e1cilmente ajustando la presi\u00f3n.<\/span><\/li>\n<li><span class=\"a-list-item\">Ideal para lettering, colorear, destacar, resaltar y sombrear.<\/span><\/li>\n<li><span class=\"a-list-item\">F\u00e1cil de usar para un seguimiento r\u00e1pido de los ejercicios &#8211; adecuado para expertos y principiantes.<\/span><\/li>\n<li><span class=\"a-list-item\">Ideal para t\u00e9cnicas creativas, como colorblending o efectos de acuarela.<\/span><\/li>\n<\/ul>\n<p>&nbsp;<\/p>\n<p>Caracteristicas<\/p>\n<ul>\n<li>Tama\u00f1o paquete: 16,5 x 20,5 x 1 cm.\u00a0aprox.<\/li>\n<li>Material: Polipropileno<\/li>\n<li>Cantidad: 18 l\u00e1pices pincel<\/li>\n<li>Terminaci\u00f3n: Punta pincel<\/li>\n<\/ul>\n<p>&nbsp;<\/p>\n","protected":false},"featured_media":1068,"comment_status":"open","ping_status":"closed","template":"","meta":{"spay_email":"","_joinchat":[]},"product_cat":[216],"product_tag":[218,219,217,87,76],"class_list":["post-1067","product","type-product","status-publish","has-post-thumbnail","hentry","product_cat-lettering","product_tag-brush","product_tag-letering","product_tag-lettering","product_tag-rotuladores","product_tag-stabilo"],"jetpack-related-posts":[{"id":1075,"url":"https:\/\/coralpapeleria.cl\/index.php\/product\/1075\/","url_meta":{"origin":1067,"position":0},"title":"Set 12 Pen 68 Brush Arty Stabilo","date":"11 de mayo de 2022","format":false,"excerpt":"Stabilo Pen 68 Brush. Estuche de 12 colores. Vers\u00e1tiles brush a base de agua vienen en tonos arco\u00edris, perfectos para caligraf\u00eda y lettering en papeles, planner o Bullet Journal. El grosor de trazo puede variar f\u00e1cilmente ajustando la presi\u00f3n Ideal para aplicaciones como lettering, as\u00ed como para colorear, destacar, resaltar\u2026","rel":"","context":"Entrada similar","img":{"alt_text":"","src":"https:\/\/i0.wp.com\/coralpapeleria.cl\/wp-content\/uploads\/2022\/05\/376490-9.png?resize=350%2C200&ssl=1","width":350,"height":200},"classes":[]},{"id":1023,"url":"https:\/\/coralpapeleria.cl\/index.php\/product\/30-pen-68-caja-metalica\/","url_meta":{"origin":1067,"position":1},"title":"30 Pen 68 Caja Metalica","date":"31 de marzo de 2022","format":false,"excerpt":"30 Marcadores punta fina PEN 68 en caja met\u00e1lica colores surtidos. Medidas: 3.1 x 20.2 x 33.4 cm \u00a0","rel":"","context":"Entrada similar","img":{"alt_text":"","src":"https:\/\/i0.wp.com\/coralpapeleria.cl\/wp-content\/uploads\/2022\/03\/Disen\u0303o-sin-ti\u0301tulo-3.jpg?resize=350%2C200&ssl=1","width":350,"height":200},"classes":[]},{"id":1064,"url":"https:\/\/coralpapeleria.cl\/index.php\/product\/20-pen-68-caja-metalica-stabilo\/","url_meta":{"origin":1067,"position":2},"title":"20 Pen 68 Caja Metalica Stabilo","date":"11 de mayo de 2022","format":false,"excerpt":"20 Marcadores punta fina PEN 68 en caja met\u00e1lica colores surtidos","rel":"","context":"Entrada similar","img":{"alt_text":"","src":"https:\/\/i0.wp.com\/coralpapeleria.cl\/wp-content\/uploads\/2022\/05\/376490-2.png?resize=350%2C200&ssl=1","width":350,"height":200},"classes":[]},{"id":1061,"url":"https:\/\/coralpapeleria.cl\/index.php\/product\/40-pen-68-caja-metalica-stabilo\/","url_meta":{"origin":1067,"position":3},"title":"40 Pen 68 Caja Metalica Stabilo","date":"11 de mayo de 2022","format":false,"excerpt":"40 Marcadores punta fina PEN 68 en caja met\u00e1lica colores surtidos","rel":"","context":"Entrada similar","img":{"alt_text":"","src":"https:\/\/i0.wp.com\/coralpapeleria.cl\/wp-content\/uploads\/2022\/05\/376490-1.png?resize=350%2C200&ssl=1","width":350,"height":200},"classes":[]},{"id":1033,"url":"https:\/\/coralpapeleria.cl\/index.php\/product\/pack-6-pen-68-colores-metalicos\/","url_meta":{"origin":1067,"position":4},"title":"Pack 6 Pen 68 Colores Met\u00e1licos","date":"18 de abril de 2022","format":false,"excerpt":"Pack de 6 Pen 68 tinta met\u00e1lica, en formato coleccionable de caja met\u00e1lica. Stabilo","rel":"","context":"Entrada similar","img":{"alt_text":"","src":"https:\/\/i0.wp.com\/coralpapeleria.cl\/wp-content\/uploads\/2022\/04\/caja-metalica.jpg?resize=350%2C200&ssl=1","width":350,"height":200},"classes":[]},{"id":1036,"url":"https:\/\/coralpapeleria.cl\/index.php\/product\/pack-2-pen-68-colores-metalicos\/","url_meta":{"origin":1067,"position":5},"title":"Pack 2 Pen 68 Colores Met\u00e1licos","date":"18 de abril de 2022","format":false,"excerpt":"Pack de 2 Pen 68 tinta met\u00e1lica, colores plata y dorado en formato bl\u00edster. Stabilo.","rel":"","context":"Entrada similar","img":{"alt_text":"","src":"https:\/\/i0.wp.com\/coralpapeleria.cl\/wp-content\/uploads\/2022\/04\/caja-metalica-2.jpg?resize=350%2C200&ssl=1","width":350,"height":200},"classes":[]}],"_links":{"self":[{"href":"https:\/\/coralpapeleria.cl\/index.php\/wp-json\/wp\/v2\/product\/1067","targetHints":{"allow":["GET"]}}],"collection":[{"href":"https:\/\/coralpapeleria.cl\/index.php\/wp-json\/wp\/v2\/product"}],"about":[{"href":"https:\/\/coralpapeleria.cl\/index.php\/wp-json\/wp\/v2\/types\/product"}],"replies":[{"embeddable":true,"href":"https:\/\/coralpapeleria.cl\/index.php\/wp-json\/wp\/v2\/comments?post=1067"}],"wp:featuredmedia":[{"embeddable":true,"href":"https:\/\/coralpapeleria.cl\/index.php\/wp-json\/wp\/v2\/media\/1068"}],"wp:attachment":[{"href":"https:\/\/coralpapeleria.cl\/index.php\/wp-json\/wp\/v2\/media?parent=1067"}],"wp:term":[{"taxonomy":"product_cat","embeddable":true,"href":"https:\/\/coralpapeleria.cl\/index.php\/wp-json\/wp\/v2\/product_cat?post=1067"},{"taxonomy":"product_tag","embeddable":true,"href":"https:\/\/coralpapeleria.cl\/index.php\/wp-json\/wp\/v2\/product_tag?post=1067"}],"curies":[{"name":"wp","href":"https:\/\/api.w.org\/{rel}","templated":true}]}}