{"id":1109,"date":"2023-02-18T20:27:44","date_gmt":"2023-02-18T20:27:44","guid":{"rendered":"https:\/\/coralpapeleria.cl\/?post_type=product&#038;p=1109"},"modified":"2023-02-24T00:54:23","modified_gmt":"2023-02-24T00:54:23","slug":"goma-de-borrar-faber-castell-rosa","status":"publish","type":"product","link":"https:\/\/coralpapeleria.cl\/index.php\/product\/goma-de-borrar-faber-castell-rosa\/","title":{"rendered":"Goma de Borrar Faber Castell &#8211; Rosa"},"content":{"rendered":"","protected":false},"excerpt":{"rendered":"","protected":false},"featured_media":1110,"comment_status":"open","ping_status":"closed","template":"","meta":{"spay_email":"","_joinchat":[]},"product_cat":[119,227],"product_tag":[115,89,228,138],"class_list":["post-1109","product","type-product","status-publish","has-post-thumbnail","hentry","product_cat-accesorios-de-oficina","product_cat-gomas-de-borrar","product_tag-azul","product_tag-faber-castell","product_tag-goma","product_tag-goma-de-borrar"],"jetpack-related-posts":[{"id":1107,"url":"https:\/\/coralpapeleria.cl\/index.php\/product\/goma-de-borrar-faber-castell-verde\/","url_meta":{"origin":1109,"position":0},"title":"Goma de Borrar Faber Castell &#8211; Verde","date":"18 de febrero de 2023","format":false,"excerpt":"","rel":"","context":"Entrada similar","img":{"alt_text":"","src":"https:\/\/i0.wp.com\/coralpapeleria.cl\/wp-content\/uploads\/2023\/02\/Diseno-sin-titulo-5.png?resize=350%2C200&ssl=1","width":350,"height":200},"classes":[]},{"id":1105,"url":"https:\/\/coralpapeleria.cl\/index.php\/product\/goma-de-borrar-faber-castell-azul\/","url_meta":{"origin":1109,"position":1},"title":"Goma de Borrar Faber Castell &#8211; Azul","date":"18 de febrero de 2023","format":false,"excerpt":"","rel":"","context":"Entrada similar","img":{"alt_text":"","src":"https:\/\/i0.wp.com\/coralpapeleria.cl\/wp-content\/uploads\/2023\/02\/Diseno-sin-titulo-4.png?resize=350%2C200&ssl=1","width":350,"height":200},"classes":[]},{"id":798,"url":"https:\/\/coralpapeleria.cl\/index.php\/product\/ecolapices-bicolor-faber-castell\/","url_meta":{"origin":1109,"position":2},"title":"Ecol\u00e1pices Bicolor 12","date":"4 de marzo de 2022","format":false,"excerpt":"Ecol\u00e1pices Bicolor Faber Castell. 12 l\u00e1pices +2 l\u00e1pices grafito + goma + sacapuntas.","rel":"","context":"Entrada similar","img":{"alt_text":"","src":"https:\/\/i0.wp.com\/coralpapeleria.cl\/wp-content\/uploads\/2022\/03\/productoss-7.png?resize=350%2C200&ssl=1","width":350,"height":200},"classes":[]},{"id":619,"url":"https:\/\/coralpapeleria.cl\/index.php\/product\/portaminas-apollo-rosado\/","url_meta":{"origin":1109,"position":3},"title":"Portaminas Apollo Rosado 0,7 mm","date":"11 de febrero de 2022","format":false,"excerpt":"Portaminas Apollo Rosado 0,7 mm Faber Castell","rel":"","context":"Entrada similar","img":{"alt_text":"","src":"https:\/\/i0.wp.com\/coralpapeleria.cl\/wp-content\/uploads\/2022\/02\/faber-castell.jpg?resize=350%2C200&ssl=1","width":350,"height":200},"classes":[]},{"id":890,"url":"https:\/\/coralpapeleria.cl\/index.php\/product\/boligrafo-032-medium-rosado\/","url_meta":{"origin":1109,"position":4},"title":"Bol\u00edgrafo 032 Medium Rosado","date":"7 de marzo de 2022","format":false,"excerpt":"Bol\u00edgrafo 032 Medium Rosado Faber Castell.","rel":"","context":"Entrada similar","img":{"alt_text":"","src":"https:\/\/i0.wp.com\/coralpapeleria.cl\/wp-content\/uploads\/2022\/03\/trilu-2-1.jpg?resize=350%2C200&ssl=1","width":350,"height":200},"classes":[]},{"id":903,"url":"https:\/\/coralpapeleria.cl\/index.php\/product\/destacador-48-super-fluorescent-rosado\/","url_meta":{"origin":1109,"position":5},"title":"Destacador 48 Super Fluorescent Rosado","date":"7 de marzo de 2022","format":false,"excerpt":"Caracter\u00edsticas: Punta biselada Tres anchos de trazo: 5.0mm, 2.0mm y 1.0mm Cuerpo opaco Larga duraci\u00f3n","rel":"","context":"Entrada similar","img":{"alt_text":"","src":"https:\/\/i0.wp.com\/coralpapeleria.cl\/wp-content\/uploads\/2022\/03\/faber-castell-4.jpg?resize=350%2C200&ssl=1","width":350,"height":200},"classes":[]}],"_links":{"self":[{"href":"https:\/\/coralpapeleria.cl\/index.php\/wp-json\/wp\/v2\/product\/1109","targetHints":{"allow":["GET"]}}],"collection":[{"href":"https:\/\/coralpapeleria.cl\/index.php\/wp-json\/wp\/v2\/product"}],"about":[{"href":"https:\/\/coralpapeleria.cl\/index.php\/wp-json\/wp\/v2\/types\/product"}],"replies":[{"embeddable":true,"href":"https:\/\/coralpapeleria.cl\/index.php\/wp-json\/wp\/v2\/comments?post=1109"}],"wp:featuredmedia":[{"embeddable":true,"href":"https:\/\/coralpapeleria.cl\/index.php\/wp-json\/wp\/v2\/media\/1110"}],"wp:attachment":[{"href":"https:\/\/coralpapeleria.cl\/index.php\/wp-json\/wp\/v2\/media?parent=1109"}],"wp:term":[{"taxonomy":"product_cat","embeddable":true,"href":"https:\/\/coralpapeleria.cl\/index.php\/wp-json\/wp\/v2\/product_cat?post=1109"},{"taxonomy":"product_tag","embeddable":true,"href":"https:\/\/coralpapeleria.cl\/index.php\/wp-json\/wp\/v2\/product_tag?post=1109"}],"curies":[{"name":"wp","href":"https:\/\/api.w.org\/{rel}","templated":true}]}}