{"id":1132,"date":"2023-02-21T19:12:50","date_gmt":"2023-02-21T19:12:50","guid":{"rendered":"https:\/\/coralpapeleria.cl\/?post_type=product&#038;p=1132"},"modified":"2023-02-24T00:54:23","modified_gmt":"2023-02-24T00:54:23","slug":"ecolapiz-de-color-12-largos-2-grafitos","status":"publish","type":"product","link":"https:\/\/coralpapeleria.cl\/index.php\/product\/ecolapiz-de-color-12-largos-2-grafitos\/","title":{"rendered":"Ecol\u00e1piz de Color 12 Largos + 2 Grafitos"},"content":{"rendered":"","protected":false},"excerpt":{"rendered":"<div id=\"product-info\" class=\"product-info\" data-module=\"colorSelector\">\n<div class=\"share-button\" data-module=\"shareButton\">\n<div class=\"share-link\"><span style=\"font-family: -apple-system, BlinkMacSystemFont, 'Segoe UI', Roboto, Oxygen-Sans, Ubuntu, Cantarell, 'Helvetica Neue', sans-serif; font-size: 14px;\">Ecol\u00e1piz de color x12 largos + 2 Grafito<\/span><\/div>\n<\/div>\n<\/div>\n<div class=\"product-detail-text\">\n<div class=\"paragraph-text\">\n<p class=\"copy\"><span style=\"font-size: 14px;\">L\u00e1pices de color permanentes en tama\u00f1o est\u00e1ndar y forma hexagonal. V\u00edvidos colores y un proceso de uni\u00f3n que los hace resistentes a quebraduras. Los l\u00e1pices de color cl\u00e1sicos vienen disponibles en hasta 60 colores diferentes.<\/span><\/p>\n<\/div>\n<div class=\"paragraph-text features\">\n<h3 class=\"headline\"><span style=\"font-size: 14px;\">Detalles del producto<\/span><\/h3>\n<ul>\n<li><span style=\"font-size: 14px;\">Estuche con 12 eco l\u00e1pices de colores m\u00e1s 2 l\u00e1pices grafito<\/span><\/li>\n<li><span style=\"font-size: 14px;\">Cuerpo hexagonal<\/span><\/li>\n<li><span style=\"font-size: 14px;\">Mina extra resistente con m\u00e9todo de encolado para evitar roturas y mejorar el afilado (SV)<\/span><\/li>\n<\/ul>\n<\/div>\n<\/div>\n","protected":false},"featured_media":1133,"comment_status":"open","ping_status":"closed","template":"","meta":{"spay_email":"","_joinchat":[]},"product_cat":[70,71],"product_tag":[],"class_list":["post-1132","product","type-product","status-publish","has-post-thumbnail","hentry","product_cat-lapices","product_cat-faber-castell"],"jetpack-related-posts":[{"id":798,"url":"https:\/\/coralpapeleria.cl\/index.php\/product\/ecolapices-bicolor-faber-castell\/","url_meta":{"origin":1132,"position":0},"title":"Ecol\u00e1pices Bicolor 12","date":"4 de marzo de 2022","format":false,"excerpt":"Ecol\u00e1pices Bicolor Faber Castell. 12 l\u00e1pices +2 l\u00e1pices grafito + goma + sacapuntas.","rel":"","context":"Entrada similar","img":{"alt_text":"","src":"https:\/\/i0.wp.com\/coralpapeleria.cl\/wp-content\/uploads\/2022\/03\/productoss-7.png?resize=350%2C200&ssl=1","width":350,"height":200},"classes":[]},{"id":621,"url":"https:\/\/coralpapeleria.cl\/index.php\/product\/portaminas-apollo-lila\/","url_meta":{"origin":1132,"position":1},"title":"Portaminas Apollo Lila 0,7 mm","date":"11 de febrero de 2022","format":false,"excerpt":"Portaminas Apollo Lila 0,7 mm","rel":"","context":"Entrada similar","img":{"alt_text":"","src":"https:\/\/i0.wp.com\/coralpapeleria.cl\/wp-content\/uploads\/2022\/02\/faber-castell-1.jpg?resize=350%2C200&ssl=1","width":350,"height":200},"classes":[]},{"id":726,"url":"https:\/\/coralpapeleria.cl\/index.php\/product\/lapices-pasta-surtidos-faber-castell\/","url_meta":{"origin":1132,"position":2},"title":"L\u00e1pices Pasta Surtidos &#8211; Faber Castell","date":"12 de febrero de 2022","format":false,"excerpt":"Set de l\u00e1pices pasta, 10 colores surtidos, cuerpo redondo y transparente, tapa anti asfixia.","rel":"","context":"Entrada similar","img":{"alt_text":"","src":"https:\/\/i0.wp.com\/coralpapeleria.cl\/wp-content\/uploads\/2022\/02\/boigrafo-gel-2.jpg?resize=350%2C200&ssl=1","width":350,"height":200},"classes":[]},{"id":800,"url":"https:\/\/coralpapeleria.cl\/index.php\/product\/ecolapices-bicolor-24\/","url_meta":{"origin":1132,"position":3},"title":"Ecol\u00e1pices Bicolor 24","date":"4 de marzo de 2022","format":false,"excerpt":"Ecol\u00e1pices Bicolor 24 lapices, 48 colores. Faber Castell.","rel":"","context":"Entrada similar","img":{"alt_text":"","src":"https:\/\/i0.wp.com\/coralpapeleria.cl\/wp-content\/uploads\/2022\/03\/Diseno-sin-titulo-20.png?resize=350%2C200&ssl=1","width":350,"height":200},"classes":[]},{"id":865,"url":"https:\/\/coralpapeleria.cl\/index.php\/product\/ecolapices-caras-y-colores\/","url_meta":{"origin":1132,"position":4},"title":"Ecol\u00e1pices Caras y Colores","date":"7 de marzo de 2022","format":false,"excerpt":"24 ecol\u00e1pices + 3 ecol\u00e1pices bicolor. A los tradicionales EcoL\u00e1pices de Faber Castell se le suman 6 tonos de piel diferentes y mezclables entre si creando nuevas combinaciones, estimulando la creatividad con colores m\u00e1s vivos y con \u00f3ptima cobertura, logrando crear hasta 18 tonalidades de piel distintas mezclando los colores.","rel":"","context":"Entrada similar","img":{"alt_text":"","src":"https:\/\/i0.wp.com\/coralpapeleria.cl\/wp-content\/uploads\/2022\/03\/clips-1.png?resize=350%2C200&ssl=1","width":350,"height":200},"classes":[]},{"id":1113,"url":"https:\/\/coralpapeleria.cl\/index.php\/product\/set-stabilo-point-88-40-colores\/","url_meta":{"origin":1132,"position":5},"title":"Set Stabilo Point 88 &#8211; 40 Colores","date":"20 de febrero de 2023","format":false,"excerpt":"40 Tiral\u00edneas o fineliner punta 0,4 mm POINT 88 bl\u00edster colores surtidos","rel":"","context":"Entrada similar","img":{"alt_text":"","src":"https:\/\/i0.wp.com\/coralpapeleria.cl\/wp-content\/uploads\/2023\/02\/Diseno-sin-titulo-8.png?resize=350%2C200&ssl=1","width":350,"height":200},"classes":[]}],"_links":{"self":[{"href":"https:\/\/coralpapeleria.cl\/index.php\/wp-json\/wp\/v2\/product\/1132","targetHints":{"allow":["GET"]}}],"collection":[{"href":"https:\/\/coralpapeleria.cl\/index.php\/wp-json\/wp\/v2\/product"}],"about":[{"href":"https:\/\/coralpapeleria.cl\/index.php\/wp-json\/wp\/v2\/types\/product"}],"replies":[{"embeddable":true,"href":"https:\/\/coralpapeleria.cl\/index.php\/wp-json\/wp\/v2\/comments?post=1132"}],"wp:featuredmedia":[{"embeddable":true,"href":"https:\/\/coralpapeleria.cl\/index.php\/wp-json\/wp\/v2\/media\/1133"}],"wp:attachment":[{"href":"https:\/\/coralpapeleria.cl\/index.php\/wp-json\/wp\/v2\/media?parent=1132"}],"wp:term":[{"taxonomy":"product_cat","embeddable":true,"href":"https:\/\/coralpapeleria.cl\/index.php\/wp-json\/wp\/v2\/product_cat?post=1132"},{"taxonomy":"product_tag","embeddable":true,"href":"https:\/\/coralpapeleria.cl\/index.php\/wp-json\/wp\/v2\/product_tag?post=1132"}],"curies":[{"name":"wp","href":"https:\/\/api.w.org\/{rel}","templated":true}]}}