{"id":1135,"date":"2023-02-21T21:40:44","date_gmt":"2023-02-21T21:40:44","guid":{"rendered":"https:\/\/coralpapeleria.cl\/?post_type=product&#038;p=1135"},"modified":"2025-03-29T11:46:40","modified_gmt":"2025-03-29T11:46:40","slug":"libreta-pvc1-60-hojas","status":"publish","type":"product","link":"https:\/\/coralpapeleria.cl\/index.php\/product\/libreta-pvc1-60-hojas\/","title":{"rendered":"Libreta PVC#1 60 Hojas"},"content":{"rendered":"","protected":false},"excerpt":{"rendered":"<p><span style=\"font-size: 14px;\"><b>LIBRETA DE APUNTES 60hj RHEIN<\/b><\/span><br \/>\n<span style=\"font-size: 14px;\">&#8211; Marca: Rhein<\/span><br \/>\n<span style=\"font-size: 14px;\">&#8211; Producto: Libreta de apuntes<\/span><br \/>\n<span style=\"font-size: 14px;\">&#8211; Modelo: Apuntes \/ 325.621<\/span><br \/>\n<span style=\"font-size: 14px;\">&#8211; L\u00ednea: Administrativa<\/span><br \/>\n<span style=\"font-size: 14px;\">&#8211; Rayado: Lineal de 5mm de separaci\u00f3n entre lineas<\/span><br \/>\n<span style=\"font-size: 14px;\">&#8211; Cantidad: 1 unidad<\/span><br \/>\n<span style=\"font-size: 14px;\">&#8211; Hojas: 60 hojas<\/span><br \/>\n<span style=\"font-size: 14px;\">&#8211; Dimensiones netas: 11&#215;8.3&#215;1.2cm<\/span><br \/>\n<span style=\"font-size: 14px;\">&#8211; Encuadernaci\u00f3n: Anillado<\/span><br \/>\n<span style=\"font-size: 14px;\">&#8211; Espiral: Simple recubierto en nylon blanco<\/span><br \/>\n<span style=\"font-size: 14px;\">&#8211; Color: Gris<\/span><br \/>\n<span style=\"font-size: 14px;\">&#8211; Fabricado: China<\/span><\/p>\n<p><span style=\"font-size: 14px;\"><b>Caracter\u00edsticas<\/b><\/span><br \/>\n<span style=\"font-size: 14px;\">&#8211; Libreta de apuntes Rhein de 60 hojas.<\/span><br \/>\n<span style=\"font-size: 14px;\">&#8211; Con forro pl\u00e1stico que le otorga mayor seguridad ante l\u00edquidos y suciedad en general.<\/span><br \/>\n<span style=\"font-size: 14px;\">&#8211; De rayado lineal de 5mm de separaci\u00f3n entre lineas.<\/span><br \/>\n<span style=\"font-size: 14px;\">&#8211; Al interior de la tapa tiene espacio para la consignaci\u00f3n de datos personales.<\/span><br \/>\n<span style=\"font-size: 14px;\">&#8211; Al interior de la contratapa tiene espacio para guardar contactos de personas de inter\u00e9s.<\/span><br \/>\n<span style=\"font-size: 14px;\">&#8211; Producto reciclable.<\/span><\/p>\n","protected":false},"featured_media":1137,"comment_status":"open","ping_status":"closed","template":"","meta":{"spay_email":"","_joinchat":[]},"product_cat":[104],"product_tag":[231,111],"class_list":["post-1135","product","type-product","status-publish","has-post-thumbnail","hentry","product_cat-cuadernos","product_tag-libreta","product_tag-rhein"],"jetpack-related-posts":[{"id":1138,"url":"https:\/\/coralpapeleria.cl\/index.php\/product\/libreta-pvc2-60-hojas\/","url_meta":{"origin":1135,"position":0},"title":"Libreta PVC#2 60 Hojas","date":"21 de febrero de 2023","format":false,"excerpt":"LIBRETA DE APUNTES 60hj RHEIN - Marca: Rhein - Producto: Libreta de apuntes - Modelo: Apuntes \/ 325.622 - L\u00ednea: Administrativa - Rayado: Lineal de 5mm de separaci\u00f3n entre lineas - Cantidad: 1 unidad - Hojas: 60 hojas - Dimensiones netas: 12.6x9x1.2cm - Encuadernaci\u00f3n: Anillado - Espiral: Simple recubierto en\u2026","rel":"","context":"Entrada similar","img":{"alt_text":"","src":"https:\/\/i0.wp.com\/coralpapeleria.cl\/wp-content\/uploads\/2023\/02\/Diseno-sin-titulo-22.png?resize=350%2C200&ssl=1","width":350,"height":200},"classes":[]},{"id":1141,"url":"https:\/\/coralpapeleria.cl\/index.php\/product\/libreta-pvc3-60-hojas\/","url_meta":{"origin":1135,"position":1},"title":"Libreta PVC#3 60 Hojas","date":"21 de febrero de 2023","format":false,"excerpt":"LIBRETA DE APUNTES 60hj RHEIN - Marca: Rhein - Producto: Libreta de apuntes - Modelo: Apuntes \/ 325.623 - L\u00ednea: Administrativa - Rayado: Lineal de 5mm de separaci\u00f3n entre lineas - Cantidad: 1 unidad - Hojas: 60 hojas - Dimensiones netas: 16x11.5x1.2cm - Encuadernaci\u00f3n: Anillado - Espiral: Simple recubierto en\u2026","rel":"","context":"Entrada similar","img":{"alt_text":"","src":"https:\/\/i0.wp.com\/coralpapeleria.cl\/wp-content\/uploads\/2023\/02\/Diseno-sin-titulo-22.png?resize=350%2C200&ssl=1","width":350,"height":200},"classes":[]},{"id":736,"url":"https:\/\/coralpapeleria.cl\/index.php\/product\/planner-semanal\/","url_meta":{"origin":1135,"position":2},"title":"Planner Semanal","date":"12 de febrero de 2022","format":false,"excerpt":"Planner semanal de escritorio Rhein. Contiene 50 hojas de 30 cms x 50 cm. Incluye set de notas adhesivas.","rel":"","context":"Entrada similar","img":{"alt_text":"","src":"https:\/\/i0.wp.com\/coralpapeleria.cl\/wp-content\/uploads\/2022\/02\/productoss-1.jpg?resize=350%2C200&ssl=1","width":350,"height":200},"classes":[]},{"id":1012,"url":"https:\/\/coralpapeleria.cl\/index.php\/product\/croquera-medium-grandes-ideas\/","url_meta":{"origin":1135,"position":3},"title":"Croquera Medium Grandes Ideas","date":"30 de marzo de 2022","format":false,"excerpt":"Croquera Big Ideas, tama\u00f1o Medium. Medidas: 22 \u00d7 16 \u00d7 2 cm Trae hojas blancas y de tama\u00f1o muy pr\u00e1ctico. Marca Rhein \u00a0 \u00a0","rel":"","context":"Entrada similar","img":{"alt_text":"","src":"https:\/\/i0.wp.com\/coralpapeleria.cl\/wp-content\/uploads\/2022\/03\/Croquera-1.jpg?resize=350%2C200&ssl=1","width":350,"height":200},"classes":[]},{"id":1010,"url":"https:\/\/coralpapeleria.cl\/index.php\/product\/croquera-small-grandes-ideas\/","url_meta":{"origin":1135,"position":4},"title":"Croquera Small Grandes Ideas","date":"30 de marzo de 2022","format":false,"excerpt":"Croquera Big Ideas, tama\u00f1o Small. Medidas: 20 \u00d7 2 \u00d7 11 cm Trae hojas blancas. Es de tama\u00f1o perfecto y pr\u00e1ctico para llevar a todas partes. Marca Rhein \u00a0","rel":"","context":"Entrada similar","img":{"alt_text":"","src":"https:\/\/i0.wp.com\/coralpapeleria.cl\/wp-content\/uploads\/2022\/03\/Croquera.jpg?resize=350%2C200&ssl=1","width":350,"height":200},"classes":[]},{"id":1015,"url":"https:\/\/coralpapeleria.cl\/index.php\/product\/croquera-big-grandes-ideas\/","url_meta":{"origin":1135,"position":5},"title":"Croquera Big Grandes Ideas","date":"30 de marzo de 2022","format":false,"excerpt":"Croquera Big Ideas, tama\u00f1o big. Medidas: 62.2 \u00d7 2 \u00d7 29.5 cm Trae 3 secciones: planificador de proyectos, calendario mensual y punteada para crear libremente. Marca Rhein. \u00a0","rel":"","context":"Con 1 comentario","img":{"alt_text":"","src":"https:\/\/i0.wp.com\/coralpapeleria.cl\/wp-content\/uploads\/2022\/03\/Croquera-2.jpg?resize=350%2C200&ssl=1","width":350,"height":200},"classes":[]}],"_links":{"self":[{"href":"https:\/\/coralpapeleria.cl\/index.php\/wp-json\/wp\/v2\/product\/1135","targetHints":{"allow":["GET"]}}],"collection":[{"href":"https:\/\/coralpapeleria.cl\/index.php\/wp-json\/wp\/v2\/product"}],"about":[{"href":"https:\/\/coralpapeleria.cl\/index.php\/wp-json\/wp\/v2\/types\/product"}],"replies":[{"embeddable":true,"href":"https:\/\/coralpapeleria.cl\/index.php\/wp-json\/wp\/v2\/comments?post=1135"}],"wp:featuredmedia":[{"embeddable":true,"href":"https:\/\/coralpapeleria.cl\/index.php\/wp-json\/wp\/v2\/media\/1137"}],"wp:attachment":[{"href":"https:\/\/coralpapeleria.cl\/index.php\/wp-json\/wp\/v2\/media?parent=1135"}],"wp:term":[{"taxonomy":"product_cat","embeddable":true,"href":"https:\/\/coralpapeleria.cl\/index.php\/wp-json\/wp\/v2\/product_cat?post=1135"},{"taxonomy":"product_tag","embeddable":true,"href":"https:\/\/coralpapeleria.cl\/index.php\/wp-json\/wp\/v2\/product_tag?post=1135"}],"curies":[{"name":"wp","href":"https:\/\/api.w.org\/{rel}","templated":true}]}}