{"id":2557,"date":"2023-02-24T19:18:48","date_gmt":"2023-02-24T19:18:48","guid":{"rendered":"https:\/\/coralpapeleria.cl\/?post_type=product&#038;p=2557"},"modified":"2023-08-07T14:54:21","modified_gmt":"2023-08-07T14:54:21","slug":"set-8-point-88-pastel-stabilo","status":"publish","type":"product","link":"https:\/\/coralpapeleria.cl\/index.php\/product\/set-8-point-88-pastel-stabilo\/","title":{"rendered":"Stabilo 8 Point 88 Pastel"},"content":{"rendered":"","protected":false},"excerpt":{"rendered":"<p>8 Tiral\u00edneas o fineliner punta 0,4 mm POINT 88 bl\u00edster colores surtidos pasteles.<\/p>\n","protected":false},"featured_media":2558,"comment_status":"open","ping_status":"closed","template":"","meta":{"spay_email":"","_joinchat":[]},"product_cat":[85,90],"product_tag":[318,317,76,319],"class_list":["post-2557","product","type-product","status-publish","has-post-thumbnail","hentry","product_cat-tira-lineas","product_cat-stabilo-tira-lineas","product_tag-rotulador","product_tag-rotuladore","product_tag-stabilo","product_tag-tira-lineas"],"jetpack-related-posts":[{"id":1113,"url":"https:\/\/coralpapeleria.cl\/index.php\/product\/set-stabilo-point-88-40-colores\/","url_meta":{"origin":2557,"position":0},"title":"Set Stabilo Point 88 &#8211; 40 Colores","date":"20 de febrero de 2023","format":false,"excerpt":"40 Tiral\u00edneas o fineliner punta 0,4 mm POINT 88 bl\u00edster colores surtidos","rel":"","context":"Entrada similar","img":{"alt_text":"","src":"https:\/\/i0.wp.com\/coralpapeleria.cl\/wp-content\/uploads\/2023\/02\/Diseno-sin-titulo-8.png?resize=350%2C200&ssl=1","width":350,"height":200},"classes":[]},{"id":1058,"url":"https:\/\/coralpapeleria.cl\/index.php\/product\/50-point-88-caja-metalica-stabilo\/","url_meta":{"origin":2557,"position":1},"title":"50 Point 88 Caja Metalica Stabilo","date":"11 de mayo de 2022","format":false,"excerpt":"50 Tiral\u00edneas o fineliner punta 0,4 mm POINT 88 caja met\u00e1lica colores surtidos","rel":"","context":"Con 1 comentario","img":{"alt_text":"","src":"https:\/\/i0.wp.com\/coralpapeleria.cl\/wp-content\/uploads\/2022\/05\/Disen\u0303o-sin-ti\u0301tulo-6.png?resize=350%2C200&ssl=1","width":350,"height":200},"classes":[]},{"id":615,"url":"https:\/\/coralpapeleria.cl\/index.php\/product\/stabilo-pen-68-pastel\/","url_meta":{"origin":2557,"position":2},"title":"Stabilo Pen Point 68 Pastel","date":"11 de febrero de 2022","format":false,"excerpt":"Stabilo Pen Pastel 8 Unidades","rel":"","context":"Entrada similar","img":{"alt_text":"","src":"https:\/\/i0.wp.com\/coralpapeleria.cl\/wp-content\/uploads\/2022\/02\/Stabilo-Boss-5.jpg?resize=350%2C200&ssl=1","width":350,"height":200},"classes":[]},{"id":1021,"url":"https:\/\/coralpapeleria.cl\/index.php\/product\/3-destacadores-pastel\/","url_meta":{"origin":2557,"position":3},"title":"Pack 3 Destacadores Pastel","date":"31 de marzo de 2022","format":false,"excerpt":"3 destacadores Stabilo Pastel Boss en bl\u00edster. Colores amarillo, lila y turquesa. \u00a0","rel":"","context":"Entrada similar","img":{"alt_text":"","src":"https:\/\/i0.wp.com\/coralpapeleria.cl\/wp-content\/uploads\/2022\/03\/Disen\u0303o-sin-ti\u0301tulo-2.jpg?resize=350%2C200&ssl=1","width":350,"height":200},"classes":[]},{"id":1038,"url":"https:\/\/coralpapeleria.cl\/index.php\/product\/pack-3-destacadores-boss-pastel-limon-celeste\/","url_meta":{"origin":2557,"position":4},"title":"Pack 3 Destacadores Boss Pastel-Limon-Celeste","date":"18 de abril de 2022","format":false,"excerpt":"3 destacadores Pastel Boss en bl\u00edster color lim\u00f3n, celeste y coral pastel. Para resaltar y marcar todo lo que necesites. Mayor duraci\u00f3n y rendimiento con calidad alemana. Stabilo.","rel":"","context":"Entrada similar","img":{"alt_text":"","src":"https:\/\/i0.wp.com\/coralpapeleria.cl\/wp-content\/uploads\/2022\/04\/caja-metalica-3.jpg?resize=350%2C200&ssl=1","width":350,"height":200},"classes":[]},{"id":1061,"url":"https:\/\/coralpapeleria.cl\/index.php\/product\/40-pen-68-caja-metalica-stabilo\/","url_meta":{"origin":2557,"position":5},"title":"40 Pen 68 Caja Metalica Stabilo","date":"11 de mayo de 2022","format":false,"excerpt":"40 Marcadores punta fina PEN 68 en caja met\u00e1lica colores surtidos","rel":"","context":"Entrada similar","img":{"alt_text":"","src":"https:\/\/i0.wp.com\/coralpapeleria.cl\/wp-content\/uploads\/2022\/05\/376490-1.png?resize=350%2C200&ssl=1","width":350,"height":200},"classes":[]}],"_links":{"self":[{"href":"https:\/\/coralpapeleria.cl\/index.php\/wp-json\/wp\/v2\/product\/2557","targetHints":{"allow":["GET"]}}],"collection":[{"href":"https:\/\/coralpapeleria.cl\/index.php\/wp-json\/wp\/v2\/product"}],"about":[{"href":"https:\/\/coralpapeleria.cl\/index.php\/wp-json\/wp\/v2\/types\/product"}],"replies":[{"embeddable":true,"href":"https:\/\/coralpapeleria.cl\/index.php\/wp-json\/wp\/v2\/comments?post=2557"}],"wp:featuredmedia":[{"embeddable":true,"href":"https:\/\/coralpapeleria.cl\/index.php\/wp-json\/wp\/v2\/media\/2558"}],"wp:attachment":[{"href":"https:\/\/coralpapeleria.cl\/index.php\/wp-json\/wp\/v2\/media?parent=2557"}],"wp:term":[{"taxonomy":"product_cat","embeddable":true,"href":"https:\/\/coralpapeleria.cl\/index.php\/wp-json\/wp\/v2\/product_cat?post=2557"},{"taxonomy":"product_tag","embeddable":true,"href":"https:\/\/coralpapeleria.cl\/index.php\/wp-json\/wp\/v2\/product_tag?post=2557"}],"curies":[{"name":"wp","href":"https:\/\/api.w.org\/{rel}","templated":true}]}}