{"id":2577,"date":"2023-03-12T22:26:19","date_gmt":"2023-03-12T22:26:19","guid":{"rendered":"https:\/\/coralpapeleria.cl\/?post_type=product&#038;p=2577"},"modified":"2023-03-12T22:26:51","modified_gmt":"2023-03-12T22:26:51","slug":"cuchillo-n70-cartonero-grande-con-freno-blanco","status":"publish","type":"product","link":"https:\/\/coralpapeleria.cl\/index.php\/product\/cuchillo-n70-cartonero-grande-con-freno-blanco\/","title":{"rendered":"Cuchillo N70 Cartonero Grande Con Freno Blanco"},"content":{"rendered":"","protected":false},"excerpt":{"rendered":"","protected":false},"featured_media":2575,"comment_status":"open","ping_status":"closed","template":"","meta":{"spay_email":"","_joinchat":[]},"product_cat":[119,320],"product_tag":[],"class_list":["post-2577","product","type-product","status-publish","has-post-thumbnail","hentry","product_cat-accesorios-de-oficina","product_cat-cuchillos-cartoneros"],"jetpack-related-posts":[{"id":2559,"url":"https:\/\/coralpapeleria.cl\/index.php\/product\/cuchillo-n70-cartonero-grande-con-freno-naranjo\/","url_meta":{"origin":2577,"position":0},"title":"Cuchillo N70 Cartonero Grande Con Freno Naranjo","date":"25 de febrero de 2023","format":false,"excerpt":"Marca Isofit.","rel":"","context":"Entrada similar","img":{"alt_text":"","src":"https:\/\/i0.wp.com\/coralpapeleria.cl\/wp-content\/uploads\/2023\/02\/PAGINA-WEB-1.png?resize=350%2C200&ssl=1","width":350,"height":200},"classes":[]},{"id":2562,"url":"https:\/\/coralpapeleria.cl\/index.php\/product\/cuchillo-n70-cartonero-grande-con-freno-azul\/","url_meta":{"origin":2577,"position":1},"title":"Cuchillo N70 Cartonero Grande Con Freno Azul","date":"25 de febrero de 2023","format":false,"excerpt":"Marca Isofit.","rel":"","context":"Entrada similar","img":{"alt_text":"","src":"https:\/\/i0.wp.com\/coralpapeleria.cl\/wp-content\/uploads\/2023\/02\/PAGINA-WEB-2.png?resize=350%2C200&ssl=1","width":350,"height":200},"classes":[]},{"id":2564,"url":"https:\/\/coralpapeleria.cl\/index.php\/product\/cuchillo-n70-cartonero-grande-con-freno-amarillo\/","url_meta":{"origin":2577,"position":2},"title":"Cuchillo N70 Cartonero Grande Con Freno Amarillo","date":"25 de febrero de 2023","format":false,"excerpt":"Marca Isofit.","rel":"","context":"Entrada similar","img":{"alt_text":"","src":"https:\/\/i0.wp.com\/coralpapeleria.cl\/wp-content\/uploads\/2023\/02\/PAGINA-WEB-3.png?resize=350%2C200&ssl=1","width":350,"height":200},"classes":[]},{"id":2574,"url":"https:\/\/coralpapeleria.cl\/index.php\/product\/cuchillo-n70-cartonero-grande-con-freno-verde\/","url_meta":{"origin":2577,"position":3},"title":"Cuchillo N70 Cartonero Grande Con Freno Verde","date":"12 de marzo de 2023","format":false,"excerpt":"","rel":"","context":"Entrada similar","img":{"alt_text":"","src":"https:\/\/i0.wp.com\/coralpapeleria.cl\/wp-content\/uploads\/2023\/03\/PAGINA-WEB-4.png?resize=350%2C200&ssl=1","width":350,"height":200},"classes":[]},{"id":2576,"url":"https:\/\/coralpapeleria.cl\/index.php\/product\/cuchillo-n70-cartonero-grande-con-freno-morado\/","url_meta":{"origin":2577,"position":4},"title":"Cuchillo N70 Cartonero Grande Con Freno Morado","date":"12 de marzo de 2023","format":false,"excerpt":"","rel":"","context":"Entrada similar","img":{"alt_text":"","src":"https:\/\/i0.wp.com\/coralpapeleria.cl\/wp-content\/uploads\/2023\/03\/PAGINA-WEB-4.png?resize=350%2C200&ssl=1","width":350,"height":200},"classes":[]},{"id":1012,"url":"https:\/\/coralpapeleria.cl\/index.php\/product\/croquera-medium-grandes-ideas\/","url_meta":{"origin":2577,"position":5},"title":"Croquera Medium Grandes Ideas","date":"30 de marzo de 2022","format":false,"excerpt":"Croquera Big Ideas, tama\u00f1o Medium. Medidas: 22 \u00d7 16 \u00d7 2 cm Trae hojas blancas y de tama\u00f1o muy pr\u00e1ctico. Marca Rhein \u00a0 \u00a0","rel":"","context":"Entrada similar","img":{"alt_text":"","src":"https:\/\/i0.wp.com\/coralpapeleria.cl\/wp-content\/uploads\/2022\/03\/Croquera-1.jpg?resize=350%2C200&ssl=1","width":350,"height":200},"classes":[]}],"_links":{"self":[{"href":"https:\/\/coralpapeleria.cl\/index.php\/wp-json\/wp\/v2\/product\/2577","targetHints":{"allow":["GET"]}}],"collection":[{"href":"https:\/\/coralpapeleria.cl\/index.php\/wp-json\/wp\/v2\/product"}],"about":[{"href":"https:\/\/coralpapeleria.cl\/index.php\/wp-json\/wp\/v2\/types\/product"}],"replies":[{"embeddable":true,"href":"https:\/\/coralpapeleria.cl\/index.php\/wp-json\/wp\/v2\/comments?post=2577"}],"wp:featuredmedia":[{"embeddable":true,"href":"https:\/\/coralpapeleria.cl\/index.php\/wp-json\/wp\/v2\/media\/2575"}],"wp:attachment":[{"href":"https:\/\/coralpapeleria.cl\/index.php\/wp-json\/wp\/v2\/media?parent=2577"}],"wp:term":[{"taxonomy":"product_cat","embeddable":true,"href":"https:\/\/coralpapeleria.cl\/index.php\/wp-json\/wp\/v2\/product_cat?post=2577"},{"taxonomy":"product_tag","embeddable":true,"href":"https:\/\/coralpapeleria.cl\/index.php\/wp-json\/wp\/v2\/product_tag?post=2577"}],"curies":[{"name":"wp","href":"https:\/\/api.w.org\/{rel}","templated":true}]}}