{"id":582,"date":"2022-02-10T03:47:27","date_gmt":"2022-02-10T03:47:27","guid":{"rendered":"https:\/\/coralpapeleria.cl\/?post_type=product&#038;p=582"},"modified":"2023-08-06T15:46:00","modified_gmt":"2023-08-06T15:46:00","slug":"destacador-stabilo-boss","status":"publish","type":"product","link":"https:\/\/coralpapeleria.cl\/index.php\/product\/destacador-stabilo-boss\/","title":{"rendered":"Destacador Boss Celeste"},"content":{"rendered":"","protected":false},"excerpt":{"rendered":"","protected":false},"featured_media":963,"comment_status":"open","ping_status":"closed","template":"","meta":{"spay_email":"","_joinchat":[]},"product_cat":[72,73],"product_tag":[82,75,74,148,77,88,76],"class_list":["post-582","product","type-product","status-publish","has-post-thumbnail","hentry","product_cat-destacadores","product_cat-stabilo","product_tag-boss","product_tag-celeste","product_tag-destacador","product_tag-fluor","product_tag-lapiz","product_tag-neon","product_tag-stabilo"],"jetpack-related-posts":[{"id":1038,"url":"https:\/\/coralpapeleria.cl\/index.php\/product\/pack-3-destacadores-boss-pastel-limon-celeste\/","url_meta":{"origin":582,"position":0},"title":"Pack 3 Destacadores Boss Pastel-Limon-Celeste","date":"18 de abril de 2022","format":false,"excerpt":"3 destacadores Pastel Boss en bl\u00edster color lim\u00f3n, celeste y coral pastel. Para resaltar y marcar todo lo que necesites. Mayor duraci\u00f3n y rendimiento con calidad alemana. Stabilo.","rel":"","context":"Entrada similar","img":{"alt_text":"","src":"https:\/\/i0.wp.com\/coralpapeleria.cl\/wp-content\/uploads\/2022\/04\/caja-metalica-3.jpg?resize=350%2C200&ssl=1","width":350,"height":200},"classes":[]},{"id":971,"url":"https:\/\/coralpapeleria.cl\/index.php\/product\/destacador-boss-celeste-pastel\/","url_meta":{"origin":582,"position":1},"title":"Destacador Boss Turquesa Pastel","date":"7 de marzo de 2022","format":false,"excerpt":"","rel":"","context":"Entrada similar","img":{"alt_text":"","src":"https:\/\/i0.wp.com\/coralpapeleria.cl\/wp-content\/uploads\/2022\/03\/stabilo-36.jpg?resize=350%2C200&ssl=1","width":350,"height":200},"classes":[]},{"id":1080,"url":"https:\/\/coralpapeleria.cl\/index.php\/product\/4-destacador-boss-pastel-limon-cherry-coral-celeste-blister\/","url_meta":{"origin":582,"position":2},"title":"4 Destacador Boss Pastel Limon, Cherry, Coral, Celeste Blister","date":"11 de mayo de 2022","format":false,"excerpt":"4 destacadores PASTEL BOSS en pack color lim\u00f3n, celeste, cherry y coral pastel para resaltar y marcar todo lo que necesites. Mayor duraci\u00f3n y rendimiento con calidad alemana.","rel":"","context":"Entrada similar","img":{"alt_text":"","src":"https:\/\/i0.wp.com\/coralpapeleria.cl\/wp-content\/uploads\/2022\/05\/Disen\u0303o-sin-ti\u0301tulo-7.png?resize=350%2C200&ssl=1","width":350,"height":200},"classes":[]},{"id":1083,"url":"https:\/\/coralpapeleria.cl\/index.php\/product\/4-destacadores-pastel-limon-cherry-coral-celeste-wallet\/","url_meta":{"origin":582,"position":3},"title":"4 Destacadores Pastel Limon, Cherry, Coral, Celeste Wallet","date":"11 de mayo de 2022","format":false,"excerpt":"","rel":"","context":"Entrada similar","img":{"alt_text":"","src":"https:\/\/i0.wp.com\/coralpapeleria.cl\/wp-content\/uploads\/2022\/05\/Disen\u0303o-sin-ti\u0301tulo-9.png?resize=350%2C200&ssl=1","width":350,"height":200},"classes":[]},{"id":1085,"url":"https:\/\/coralpapeleria.cl\/index.php\/product\/8-destacadores-boss-pastel-wallet\/","url_meta":{"origin":582,"position":4},"title":"8 Destacadores Boss Pastel Wallet","date":"11 de mayo de 2022","format":false,"excerpt":"Pack de 8 destacadores PASTEL BOSS para resaltar y marcar todo lo que necesites. Mayor duraci\u00f3n y rendimiento con calidad alemana.","rel":"","context":"Entrada similar","img":{"alt_text":"","src":"https:\/\/i0.wp.com\/coralpapeleria.cl\/wp-content\/uploads\/2022\/05\/Disen\u0303o-sin-ti\u0301tulo-10.png?resize=350%2C200&ssl=1","width":350,"height":200},"classes":[]},{"id":605,"url":"https:\/\/coralpapeleria.cl\/index.php\/product\/destacador-boss-verde\/","url_meta":{"origin":582,"position":5},"title":"Destacador Boss Verde","date":"11 de febrero de 2022","format":false,"excerpt":"","rel":"","context":"Entrada similar","img":{"alt_text":"","src":"https:\/\/i0.wp.com\/coralpapeleria.cl\/wp-content\/uploads\/2022\/02\/stabilo-24.jpg?resize=350%2C200&ssl=1","width":350,"height":200},"classes":[]}],"_links":{"self":[{"href":"https:\/\/coralpapeleria.cl\/index.php\/wp-json\/wp\/v2\/product\/582","targetHints":{"allow":["GET"]}}],"collection":[{"href":"https:\/\/coralpapeleria.cl\/index.php\/wp-json\/wp\/v2\/product"}],"about":[{"href":"https:\/\/coralpapeleria.cl\/index.php\/wp-json\/wp\/v2\/types\/product"}],"replies":[{"embeddable":true,"href":"https:\/\/coralpapeleria.cl\/index.php\/wp-json\/wp\/v2\/comments?post=582"}],"wp:featuredmedia":[{"embeddable":true,"href":"https:\/\/coralpapeleria.cl\/index.php\/wp-json\/wp\/v2\/media\/963"}],"wp:attachment":[{"href":"https:\/\/coralpapeleria.cl\/index.php\/wp-json\/wp\/v2\/media?parent=582"}],"wp:term":[{"taxonomy":"product_cat","embeddable":true,"href":"https:\/\/coralpapeleria.cl\/index.php\/wp-json\/wp\/v2\/product_cat?post=582"},{"taxonomy":"product_tag","embeddable":true,"href":"https:\/\/coralpapeleria.cl\/index.php\/wp-json\/wp\/v2\/product_tag?post=582"}],"curies":[{"name":"wp","href":"https:\/\/api.w.org\/{rel}","templated":true}]}}