{"id":611,"date":"2022-02-11T02:06:15","date_gmt":"2022-02-11T02:06:15","guid":{"rendered":"https:\/\/coralpapeleria.cl\/?post_type=product&#038;p=611"},"modified":"2022-02-11T02:09:36","modified_gmt":"2022-02-11T02:09:36","slug":"grip-finepen-neon","status":"publish","type":"product","link":"https:\/\/coralpapeleria.cl\/index.php\/product\/grip-finepen-neon\/","title":{"rendered":"Grip Finepen Ne\u00f3n"},"content":{"rendered":"","protected":false},"excerpt":{"rendered":"<p>Tira l\u00edneas 5 colores ne\u00f3n<\/p>\n<p>Punta de 0.4 mm<\/p>\n","protected":false},"featured_media":612,"comment_status":"open","ping_status":"closed","template":"","meta":{"spay_email":"","_joinchat":[]},"product_cat":[85,86],"product_tag":[89,88,87],"class_list":["post-611","product","type-product","status-publish","has-post-thumbnail","hentry","product_cat-tira-lineas","product_cat-faber-castell-tira-lineas","product_tag-faber-castell","product_tag-neon","product_tag-rotuladores"],"jetpack-related-posts":[{"id":1111,"url":"https:\/\/coralpapeleria.cl\/index.php\/product\/stabilo-pen-15-colores-10-5-neon\/","url_meta":{"origin":611,"position":0},"title":"Stabilo Pen 15 colores (10 + 5 Ne\u00f3n)","date":"20 de febrero de 2023","format":false,"excerpt":"Stabilo Pen Case 15 Colores (10 + 5 Ne\u00f3n). Indicado para dibujos detallados, trazos precisos y escritura fina. El grosor de la punta facilita su uso en plantillas y reglas.","rel":"","context":"Entrada similar","img":{"alt_text":"","src":"https:\/\/i0.wp.com\/coralpapeleria.cl\/wp-content\/uploads\/2023\/02\/Diseno-sin-titulo-7.png?resize=350%2C200&ssl=1","width":350,"height":200},"classes":[]},{"id":1126,"url":"https:\/\/coralpapeleria.cl\/index.php\/product\/block-2-memo-stick-3-colores-neon\/","url_meta":{"origin":611,"position":1},"title":"Block 2 Memo Stick 3 Colores Neon","date":"21 de febrero de 2023","format":false,"excerpt":"Block de notas Isofit 38x51 cm \u2013 2 Unidades \u2013 3 Colores neon \u2013 200 Hojas \u2013 38x 51 mm.","rel":"","context":"Entrada similar","img":{"alt_text":"","src":"https:\/\/i0.wp.com\/coralpapeleria.cl\/wp-content\/uploads\/2023\/02\/Diseno-sin-titulo-17.png?resize=350%2C200&ssl=1","width":350,"height":200},"classes":[]},{"id":1026,"url":"https:\/\/coralpapeleria.cl\/index.php\/product\/set-15-destacadores-neon-pastel\/","url_meta":{"origin":611,"position":2},"title":"Set 15 Destacadores Neon-Pastel","date":"31 de marzo de 2022","format":false,"excerpt":"Pack de 15 destacadores Stabilo Boss. Colores pastel + Ne\u00f3n Mayor duraci\u00f3n y rendimiento con calidad alemana.","rel":"","context":"Entrada similar","img":{"alt_text":"","src":"https:\/\/i0.wp.com\/coralpapeleria.cl\/wp-content\/uploads\/2022\/03\/Set-15-destacadores-2.jpg?resize=350%2C200&ssl=1","width":350,"height":200},"classes":[]},{"id":819,"url":"https:\/\/coralpapeleria.cl\/index.php\/product\/nota-adhesiva-amarillo-neon\/","url_meta":{"origin":611,"position":3},"title":"Nota Adhesiva Amarillo Ne\u00f3n","date":"6 de marzo de 2022","format":false,"excerpt":"Nota Adhesiva Rhein. 100 hojas. 5 x 7.5 cm.","rel":"","context":"Entrada similar","img":{"alt_text":"","src":"https:\/\/i0.wp.com\/coralpapeleria.cl\/wp-content\/uploads\/2022\/03\/notas-adhesivas-2.png?resize=350%2C200&ssl=1","width":350,"height":200},"classes":[]},{"id":875,"url":"https:\/\/coralpapeleria.cl\/index.php\/product\/destacadores-neon-faber-castell\/","url_meta":{"origin":611,"position":4},"title":"Destacadores Ne\u00f3n Faber Castell","date":"7 de marzo de 2022","format":false,"excerpt":"","rel":"","context":"Entrada similar","img":{"alt_text":"","src":"https:\/\/i0.wp.com\/coralpapeleria.cl\/wp-content\/uploads\/2022\/03\/destacador.jpg?resize=350%2C200&ssl=1","width":350,"height":200},"classes":[]},{"id":942,"url":"https:\/\/coralpapeleria.cl\/index.php\/product\/destacador-swing-cool-verde-neon\/","url_meta":{"origin":611,"position":5},"title":"Destacador Swing Cool Verde Ne\u00f3n","date":"7 de marzo de 2022","format":false,"excerpt":"","rel":"","context":"Entrada similar","img":{"alt_text":"","src":"https:\/\/i0.wp.com\/coralpapeleria.cl\/wp-content\/uploads\/2022\/03\/stabilo-14.jpg?resize=350%2C200&ssl=1","width":350,"height":200},"classes":[]}],"_links":{"self":[{"href":"https:\/\/coralpapeleria.cl\/index.php\/wp-json\/wp\/v2\/product\/611","targetHints":{"allow":["GET"]}}],"collection":[{"href":"https:\/\/coralpapeleria.cl\/index.php\/wp-json\/wp\/v2\/product"}],"about":[{"href":"https:\/\/coralpapeleria.cl\/index.php\/wp-json\/wp\/v2\/types\/product"}],"replies":[{"embeddable":true,"href":"https:\/\/coralpapeleria.cl\/index.php\/wp-json\/wp\/v2\/comments?post=611"}],"wp:featuredmedia":[{"embeddable":true,"href":"https:\/\/coralpapeleria.cl\/index.php\/wp-json\/wp\/v2\/media\/612"}],"wp:attachment":[{"href":"https:\/\/coralpapeleria.cl\/index.php\/wp-json\/wp\/v2\/media?parent=611"}],"wp:term":[{"taxonomy":"product_cat","embeddable":true,"href":"https:\/\/coralpapeleria.cl\/index.php\/wp-json\/wp\/v2\/product_cat?post=611"},{"taxonomy":"product_tag","embeddable":true,"href":"https:\/\/coralpapeleria.cl\/index.php\/wp-json\/wp\/v2\/product_tag?post=611"}],"curies":[{"name":"wp","href":"https:\/\/api.w.org\/{rel}","templated":true}]}}