{"id":619,"date":"2022-02-11T02:43:09","date_gmt":"2022-02-11T02:43:09","guid":{"rendered":"https:\/\/coralpapeleria.cl\/?post_type=product&#038;p=619"},"modified":"2022-07-31T20:18:56","modified_gmt":"2022-07-31T20:18:56","slug":"portaminas-apollo-rosado","status":"publish","type":"product","link":"https:\/\/coralpapeleria.cl\/index.php\/product\/portaminas-apollo-rosado\/","title":{"rendered":"Portaminas Apollo Rosado 0,7 mm"},"content":{"rendered":"","protected":false},"excerpt":{"rendered":"<p>Portaminas Apollo Rosado 0,7 mm<\/p>\n<p>Faber Castell<\/p>\n","protected":false},"featured_media":620,"comment_status":"open","ping_status":"closed","template":"","meta":{"spay_email":"","_joinchat":[]},"product_cat":[94],"product_tag":[98,89,97,96,83],"class_list":["post-619","product","type-product","status-publish","has-post-thumbnail","hentry","product_cat-lapices-grafitos","product_tag-0-7","product_tag-faber-castell","product_tag-lapiz-grafito","product_tag-portaminas","product_tag-rosado"],"jetpack-related-posts":[{"id":623,"url":"https:\/\/coralpapeleria.cl\/index.php\/product\/portaminas-apollo-azul-oscuro-07mm\/","url_meta":{"origin":619,"position":0},"title":"Portaminas Apollo Azul Oscuro 0,7 mm","date":"11 de febrero de 2022","format":false,"excerpt":"Portaminas Apollo Azul Oscuro 0,7 mm Faber Castell","rel":"","context":"Entrada similar","img":{"alt_text":"","src":"https:\/\/i0.wp.com\/coralpapeleria.cl\/wp-content\/uploads\/2022\/02\/faber-castell-2.jpg?resize=350%2C200&ssl=1","width":350,"height":200},"classes":[]},{"id":621,"url":"https:\/\/coralpapeleria.cl\/index.php\/product\/portaminas-apollo-lila\/","url_meta":{"origin":619,"position":1},"title":"Portaminas Apollo Lila 0,7 mm","date":"11 de febrero de 2022","format":false,"excerpt":"Portaminas Apollo Lila 0,7 mm","rel":"","context":"Entrada similar","img":{"alt_text":"","src":"https:\/\/i0.wp.com\/coralpapeleria.cl\/wp-content\/uploads\/2022\/02\/faber-castell-1.jpg?resize=350%2C200&ssl=1","width":350,"height":200},"classes":[]},{"id":1109,"url":"https:\/\/coralpapeleria.cl\/index.php\/product\/goma-de-borrar-faber-castell-rosa\/","url_meta":{"origin":619,"position":2},"title":"Goma de Borrar Faber Castell &#8211; Rosa","date":"18 de febrero de 2023","format":false,"excerpt":"","rel":"","context":"Entrada similar","img":{"alt_text":"","src":"https:\/\/i0.wp.com\/coralpapeleria.cl\/wp-content\/uploads\/2023\/02\/Diseno-sin-titulo-6.png?resize=350%2C200&ssl=1","width":350,"height":200},"classes":[]},{"id":611,"url":"https:\/\/coralpapeleria.cl\/index.php\/product\/grip-finepen-neon\/","url_meta":{"origin":619,"position":3},"title":"Grip Finepen Ne\u00f3n","date":"11 de febrero de 2022","format":false,"excerpt":"Tira l\u00edneas 5 colores ne\u00f3n Punta de 0.4 mm","rel":"","context":"Entrada similar","img":{"alt_text":"","src":"https:\/\/i0.wp.com\/coralpapeleria.cl\/wp-content\/uploads\/2022\/02\/Stabilo-Boss-4.jpg?resize=350%2C200&ssl=1","width":350,"height":200},"classes":[]},{"id":890,"url":"https:\/\/coralpapeleria.cl\/index.php\/product\/boligrafo-032-medium-rosado\/","url_meta":{"origin":619,"position":4},"title":"Bol\u00edgrafo 032 Medium Rosado","date":"7 de marzo de 2022","format":false,"excerpt":"Bol\u00edgrafo 032 Medium Rosado Faber Castell.","rel":"","context":"Entrada similar","img":{"alt_text":"","src":"https:\/\/i0.wp.com\/coralpapeleria.cl\/wp-content\/uploads\/2022\/03\/trilu-2-1.jpg?resize=350%2C200&ssl=1","width":350,"height":200},"classes":[]},{"id":903,"url":"https:\/\/coralpapeleria.cl\/index.php\/product\/destacador-48-super-fluorescent-rosado\/","url_meta":{"origin":619,"position":5},"title":"Destacador 48 Super Fluorescent Rosado","date":"7 de marzo de 2022","format":false,"excerpt":"Caracter\u00edsticas: Punta biselada Tres anchos de trazo: 5.0mm, 2.0mm y 1.0mm Cuerpo opaco Larga duraci\u00f3n","rel":"","context":"Entrada similar","img":{"alt_text":"","src":"https:\/\/i0.wp.com\/coralpapeleria.cl\/wp-content\/uploads\/2022\/03\/faber-castell-4.jpg?resize=350%2C200&ssl=1","width":350,"height":200},"classes":[]}],"_links":{"self":[{"href":"https:\/\/coralpapeleria.cl\/index.php\/wp-json\/wp\/v2\/product\/619","targetHints":{"allow":["GET"]}}],"collection":[{"href":"https:\/\/coralpapeleria.cl\/index.php\/wp-json\/wp\/v2\/product"}],"about":[{"href":"https:\/\/coralpapeleria.cl\/index.php\/wp-json\/wp\/v2\/types\/product"}],"replies":[{"embeddable":true,"href":"https:\/\/coralpapeleria.cl\/index.php\/wp-json\/wp\/v2\/comments?post=619"}],"wp:featuredmedia":[{"embeddable":true,"href":"https:\/\/coralpapeleria.cl\/index.php\/wp-json\/wp\/v2\/media\/620"}],"wp:attachment":[{"href":"https:\/\/coralpapeleria.cl\/index.php\/wp-json\/wp\/v2\/media?parent=619"}],"wp:term":[{"taxonomy":"product_cat","embeddable":true,"href":"https:\/\/coralpapeleria.cl\/index.php\/wp-json\/wp\/v2\/product_cat?post=619"},{"taxonomy":"product_tag","embeddable":true,"href":"https:\/\/coralpapeleria.cl\/index.php\/wp-json\/wp\/v2\/product_tag?post=619"}],"curies":[{"name":"wp","href":"https:\/\/api.w.org\/{rel}","templated":true}]}}