{"id":623,"date":"2022-02-11T02:48:27","date_gmt":"2022-02-11T02:48:27","guid":{"rendered":"https:\/\/coralpapeleria.cl\/?post_type=product&#038;p=623"},"modified":"2023-08-07T14:54:22","modified_gmt":"2023-08-07T14:54:22","slug":"portaminas-apollo-azul-oscuro-07mm","status":"publish","type":"product","link":"https:\/\/coralpapeleria.cl\/index.php\/product\/portaminas-apollo-azul-oscuro-07mm\/","title":{"rendered":"Portaminas Apollo Azul Oscuro 0,7 mm"},"content":{"rendered":"","protected":false},"excerpt":{"rendered":"<p>Portaminas Apollo Azul Oscuro 0,7 mm<\/p>\n<p>Faber Castell<\/p>\n","protected":false},"featured_media":624,"comment_status":"open","ping_status":"closed","template":"","meta":{"spay_email":"","_joinchat":[]},"product_cat":[94],"product_tag":[98,103,89,97,102],"class_list":["post-623","product","type-product","status-publish","has-post-thumbnail","hentry","product_cat-lapices-grafitos","product_tag-0-7","product_tag-azul-oscuro","product_tag-faber-castell","product_tag-lapiz-grafito","product_tag-porta-mina"],"jetpack-related-posts":[{"id":619,"url":"https:\/\/coralpapeleria.cl\/index.php\/product\/portaminas-apollo-rosado\/","url_meta":{"origin":623,"position":0},"title":"Portaminas Apollo Rosado 0,7 mm","date":"11 de febrero de 2022","format":false,"excerpt":"Portaminas Apollo Rosado 0,7 mm Faber Castell","rel":"","context":"Entrada similar","img":{"alt_text":"","src":"https:\/\/i0.wp.com\/coralpapeleria.cl\/wp-content\/uploads\/2022\/02\/faber-castell.jpg?resize=350%2C200&ssl=1","width":350,"height":200},"classes":[]},{"id":621,"url":"https:\/\/coralpapeleria.cl\/index.php\/product\/portaminas-apollo-lila\/","url_meta":{"origin":623,"position":1},"title":"Portaminas Apollo Lila 0,7 mm","date":"11 de febrero de 2022","format":false,"excerpt":"Portaminas Apollo Lila 0,7 mm","rel":"","context":"Entrada similar","img":{"alt_text":"","src":"https:\/\/i0.wp.com\/coralpapeleria.cl\/wp-content\/uploads\/2022\/02\/faber-castell-1.jpg?resize=350%2C200&ssl=1","width":350,"height":200},"classes":[]},{"id":745,"url":"https:\/\/coralpapeleria.cl\/index.php\/product\/lapiz-faber-castell-gel-azul\/","url_meta":{"origin":623,"position":2},"title":"L\u00e1piz Gel Azul &#8211; Faber Castell","date":"12 de febrero de 2022","format":false,"excerpt":"L\u00e1piz gel azul 0.7. Gelroller.","rel":"","context":"Entrada similar","img":{"alt_text":"","src":"https:\/\/i0.wp.com\/coralpapeleria.cl\/wp-content\/uploads\/2022\/02\/productoss-4.jpg?resize=350%2C200&ssl=1","width":350,"height":200},"classes":[]},{"id":1105,"url":"https:\/\/coralpapeleria.cl\/index.php\/product\/goma-de-borrar-faber-castell-azul\/","url_meta":{"origin":623,"position":3},"title":"Goma de Borrar Faber Castell &#8211; Azul","date":"18 de febrero de 2023","format":false,"excerpt":"","rel":"","context":"Entrada similar","img":{"alt_text":"","src":"https:\/\/i0.wp.com\/coralpapeleria.cl\/wp-content\/uploads\/2023\/02\/Diseno-sin-titulo-4.png?resize=350%2C200&ssl=1","width":350,"height":200},"classes":[]},{"id":611,"url":"https:\/\/coralpapeleria.cl\/index.php\/product\/grip-finepen-neon\/","url_meta":{"origin":623,"position":4},"title":"Grip Finepen Ne\u00f3n","date":"11 de febrero de 2022","format":false,"excerpt":"Tira l\u00edneas 5 colores ne\u00f3n Punta de 0.4 mm","rel":"","context":"Entrada similar","img":{"alt_text":"","src":"https:\/\/i0.wp.com\/coralpapeleria.cl\/wp-content\/uploads\/2022\/02\/Stabilo-Boss-4.jpg?resize=350%2C200&ssl=1","width":350,"height":200},"classes":[]},{"id":1004,"url":"https:\/\/coralpapeleria.cl\/index.php\/product\/marcador-permanente-azul\/","url_meta":{"origin":623,"position":5},"title":"Marcador Permanente Azul Faber Castell","date":"21 de marzo de 2022","format":false,"excerpt":"","rel":"","context":"Entrada similar","img":{"alt_text":"","src":"https:\/\/i0.wp.com\/coralpapeleria.cl\/wp-content\/uploads\/2022\/03\/lapiz-permanente-4.jpg?resize=350%2C200&ssl=1","width":350,"height":200},"classes":[]}],"_links":{"self":[{"href":"https:\/\/coralpapeleria.cl\/index.php\/wp-json\/wp\/v2\/product\/623","targetHints":{"allow":["GET"]}}],"collection":[{"href":"https:\/\/coralpapeleria.cl\/index.php\/wp-json\/wp\/v2\/product"}],"about":[{"href":"https:\/\/coralpapeleria.cl\/index.php\/wp-json\/wp\/v2\/types\/product"}],"replies":[{"embeddable":true,"href":"https:\/\/coralpapeleria.cl\/index.php\/wp-json\/wp\/v2\/comments?post=623"}],"wp:featuredmedia":[{"embeddable":true,"href":"https:\/\/coralpapeleria.cl\/index.php\/wp-json\/wp\/v2\/media\/624"}],"wp:attachment":[{"href":"https:\/\/coralpapeleria.cl\/index.php\/wp-json\/wp\/v2\/media?parent=623"}],"wp:term":[{"taxonomy":"product_cat","embeddable":true,"href":"https:\/\/coralpapeleria.cl\/index.php\/wp-json\/wp\/v2\/product_cat?post=623"},{"taxonomy":"product_tag","embeddable":true,"href":"https:\/\/coralpapeleria.cl\/index.php\/wp-json\/wp\/v2\/product_tag?post=623"}],"curies":[{"name":"wp","href":"https:\/\/api.w.org\/{rel}","templated":true}]}}