{"id":736,"date":"2022-02-12T21:33:49","date_gmt":"2022-02-12T21:33:49","guid":{"rendered":"https:\/\/coralpapeleria.cl\/?post_type=product&#038;p=736"},"modified":"2024-01-03T17:19:28","modified_gmt":"2024-01-03T17:19:28","slug":"planner-semanal","status":"publish","type":"product","link":"https:\/\/coralpapeleria.cl\/index.php\/product\/planner-semanal\/","title":{"rendered":"Planner Semanal"},"content":{"rendered":"","protected":false},"excerpt":{"rendered":"<p>Planner semanal de escritorio Rhein. Contiene 50 hojas de 30 cms x 50 cm. Incluye set de notas adhesivas.<\/p>\n","protected":false},"featured_media":738,"comment_status":"open","ping_status":"closed","template":"","meta":{"spay_email":"","_joinchat":[]},"product_cat":[104],"product_tag":[112,108,111,109,110],"class_list":["post-736","product","type-product","status-publish","has-post-thumbnail","hentry","product_cat-cuadernos","product_tag-cuaderno","product_tag-planner","product_tag-rhein","product_tag-semana","product_tag-semanal"],"jetpack-related-posts":[{"id":794,"url":"https:\/\/coralpapeleria.cl\/index.php\/product\/nota-adhesiva-amarillo-pastel\/","url_meta":{"origin":736,"position":0},"title":"Nota Adhesiva Amarillo Pastel","date":"4 de marzo de 2022","format":false,"excerpt":"Nota Adhesiva Rhein. 100 hojas. 5 x 7.5 cm.","rel":"","context":"Entrada similar","img":{"alt_text":"","src":"https:\/\/i0.wp.com\/coralpapeleria.cl\/wp-content\/uploads\/2022\/03\/productoss-5.png?resize=350%2C200&ssl=1","width":350,"height":200},"classes":[]},{"id":821,"url":"https:\/\/coralpapeleria.cl\/index.php\/product\/nota-adhesiva-celeste-pastel\/","url_meta":{"origin":736,"position":1},"title":"Nota Adhesiva Celeste Pastel","date":"6 de marzo de 2022","format":false,"excerpt":"Notas Adhesivas Rhein. 100 hojas. 5 x 7.5 cm.","rel":"","context":"Entrada similar","img":{"alt_text":"","src":"https:\/\/i0.wp.com\/coralpapeleria.cl\/wp-content\/uploads\/2022\/03\/notas-adhesivas-3.png?resize=350%2C200&ssl=1","width":350,"height":200},"classes":[]},{"id":819,"url":"https:\/\/coralpapeleria.cl\/index.php\/product\/nota-adhesiva-amarillo-neon\/","url_meta":{"origin":736,"position":2},"title":"Nota Adhesiva Amarillo Ne\u00f3n","date":"6 de marzo de 2022","format":false,"excerpt":"Nota Adhesiva Rhein. 100 hojas. 5 x 7.5 cm.","rel":"","context":"Entrada similar","img":{"alt_text":"","src":"https:\/\/i0.wp.com\/coralpapeleria.cl\/wp-content\/uploads\/2022\/03\/notas-adhesivas-2.png?resize=350%2C200&ssl=1","width":350,"height":200},"classes":[]},{"id":816,"url":"https:\/\/coralpapeleria.cl\/index.php\/product\/nota-adhesiva-rosado-pastel\/","url_meta":{"origin":736,"position":3},"title":"Nota Adhesiva Rosado Pastel","date":"6 de marzo de 2022","format":false,"excerpt":"Nota Adhesiva Rhein. 100 hojas. 5 x 7.5 cm.","rel":"","context":"Entrada similar","img":{"alt_text":"","src":"https:\/\/i0.wp.com\/coralpapeleria.cl\/wp-content\/uploads\/2022\/03\/notas-adhesivas-1.png?resize=350%2C200&ssl=1","width":350,"height":200},"classes":[]},{"id":1088,"url":"https:\/\/coralpapeleria.cl\/index.php\/product\/set-23-destacadores-stabilo-boss\/","url_meta":{"origin":736,"position":4},"title":"Set 23 Destacadores Stabilo Boss","date":"11 de mayo de 2022","format":false,"excerpt":"Destacadores Stabilo Boss Deskset de 23 colores. La colecci\u00f3n m\u00e1s completa de Boss ya est\u00e1 aqu\u00ed, porque celebra su 50 aniversario! Para celebrar su 50 aniversario con estilo, 4 nuevos colores pastel completar\u00e1n la colecci\u00f3n en 2021: naranja p\u00e1lido, fucsia helado, azul ventoso y gris polvoriento.Incluye Deskset exclusivo para mesa.\u00a0Contiene\u2026","rel":"","context":"Entrada similar","img":{"alt_text":"","src":"https:\/\/i0.wp.com\/coralpapeleria.cl\/wp-content\/uploads\/2022\/05\/Disen\u0303o-sin-ti\u0301tulo-12.png?resize=350%2C200&ssl=1","width":350,"height":200},"classes":[]},{"id":1067,"url":"https:\/\/coralpapeleria.cl\/index.php\/product\/set-18-pen-68-brush-arty-stabilo\/","url_meta":{"origin":736,"position":5},"title":"Set 18 Pen 68 Brush Arty Stabilo","date":"11 de mayo de 2022","format":false,"excerpt":"Stabilo Pen 68 Brush. Estuche de 18 colores. Vers\u00e1tiles brush a base de agua vienen en tonos arco\u00edris, perfectos para caligraf\u00eda y lettering en papeles, planner o Bullet Journal. El grosor de trazo puede variar f\u00e1cilmente ajustando la presi\u00f3n. Ideal para lettering, colorear, destacar, resaltar y sombrear. F\u00e1cil de usar\u2026","rel":"","context":"Entrada similar","img":{"alt_text":"","src":"https:\/\/i0.wp.com\/coralpapeleria.cl\/wp-content\/uploads\/2022\/05\/376490-6.png?resize=350%2C200&ssl=1","width":350,"height":200},"classes":[]}],"_links":{"self":[{"href":"https:\/\/coralpapeleria.cl\/index.php\/wp-json\/wp\/v2\/product\/736","targetHints":{"allow":["GET"]}}],"collection":[{"href":"https:\/\/coralpapeleria.cl\/index.php\/wp-json\/wp\/v2\/product"}],"about":[{"href":"https:\/\/coralpapeleria.cl\/index.php\/wp-json\/wp\/v2\/types\/product"}],"replies":[{"embeddable":true,"href":"https:\/\/coralpapeleria.cl\/index.php\/wp-json\/wp\/v2\/comments?post=736"}],"wp:featuredmedia":[{"embeddable":true,"href":"https:\/\/coralpapeleria.cl\/index.php\/wp-json\/wp\/v2\/media\/738"}],"wp:attachment":[{"href":"https:\/\/coralpapeleria.cl\/index.php\/wp-json\/wp\/v2\/media?parent=736"}],"wp:term":[{"taxonomy":"product_cat","embeddable":true,"href":"https:\/\/coralpapeleria.cl\/index.php\/wp-json\/wp\/v2\/product_cat?post=736"},{"taxonomy":"product_tag","embeddable":true,"href":"https:\/\/coralpapeleria.cl\/index.php\/wp-json\/wp\/v2\/product_tag?post=736"}],"curies":[{"name":"wp","href":"https:\/\/api.w.org\/{rel}","templated":true}]}}