{"id":743,"date":"2022-02-12T22:15:43","date_gmt":"2022-02-12T22:15:43","guid":{"rendered":"https:\/\/coralpapeleria.cl\/?post_type=product&#038;p=743"},"modified":"2023-02-17T18:47:40","modified_gmt":"2023-02-17T18:47:40","slug":"set-destacadores-faber-castell","status":"publish","type":"product","link":"https:\/\/coralpapeleria.cl\/index.php\/product\/set-destacadores-faber-castell\/","title":{"rendered":"Set Destacadores Faber Castell Pastel"},"content":{"rendered":"","protected":false},"excerpt":{"rendered":"<p>Set 8 destacadores 1546 pastel.<\/p>\n<p>Los destacadores tienen una punta con tres tipos de grosor, as\u00ed podr\u00e1s subrayar peque\u00f1os y grandes fragmentos de tus textos. Su tinta a base de agua tiene pigmentos de alta calidad que, a pesar de no ser fluorescentes, impregnan la hoja y resaltan p\u00e1rrafos completos con gran legibilidad, ideales adem\u00e1s para escribir t\u00edtulos o recordatorios. Gracias a la tecnolog\u00eda de su tinta, el secado es r\u00e1pido en una amplia gama de papeles, evitando que se corra.<\/p>\n","protected":false},"featured_media":1101,"comment_status":"open","ping_status":"closed","template":"","meta":{"spay_email":"","_joinchat":[]},"product_cat":[72,79],"product_tag":[74,89,81,113],"class_list":["post-743","product","type-product","status-publish","has-post-thumbnail","hentry","product_cat-destacadores","product_cat-faber-castell-destacadores","product_tag-destacador","product_tag-faber-castell","product_tag-pastel","product_tag-set-destacadores"],"jetpack-related-posts":[{"id":617,"url":"https:\/\/coralpapeleria.cl\/index.php\/product\/destacador-boss-mini-pastel\/","url_meta":{"origin":743,"position":0},"title":"Destacador Boss Mini Pastel","date":"11 de febrero de 2022","format":false,"excerpt":"El cl\u00e1sico STABILO BOSS en formato mini. Edici\u00f3n en modernos tonos pastel con encantadores dibujos de escritura manual. Calidad STABILO en el acabado, la tinta y el confort de escritura. Puede permanecer abierto mucho tiempo sin secarse.","rel":"","context":"Entrada similar","img":{"alt_text":"","src":"https:\/\/i0.wp.com\/coralpapeleria.cl\/wp-content\/uploads\/2022\/02\/Stabilo-Boss-6.jpg?resize=350%2C200&ssl=1","width":350,"height":200},"classes":[]},{"id":1026,"url":"https:\/\/coralpapeleria.cl\/index.php\/product\/set-15-destacadores-neon-pastel\/","url_meta":{"origin":743,"position":1},"title":"Set 15 Destacadores Neon-Pastel","date":"31 de marzo de 2022","format":false,"excerpt":"Pack de 15 destacadores Stabilo Boss. Colores pastel + Ne\u00f3n Mayor duraci\u00f3n y rendimiento con calidad alemana.","rel":"","context":"Entrada similar","img":{"alt_text":"","src":"https:\/\/i0.wp.com\/coralpapeleria.cl\/wp-content\/uploads\/2022\/03\/Set-15-destacadores-2.jpg?resize=350%2C200&ssl=1","width":350,"height":200},"classes":[]},{"id":1122,"url":"https:\/\/coralpapeleria.cl\/index.php\/product\/set-6-destacadores-stabilo-boss-pastel\/","url_meta":{"origin":743,"position":2},"title":"Set 6 Destacadores Stabilo Boss Pastel","date":"20 de febrero de 2023","format":false,"excerpt":"6 destacadores PASTEL BOSS en pack color menta, turquesa, rosa, amarillo, naranjo y lila para resaltar y marcar todo lo que necesites. Mayor duraci\u00f3n y rendimiento con calidad alemana.","rel":"","context":"Entrada similar","img":{"alt_text":"","src":"https:\/\/i0.wp.com\/coralpapeleria.cl\/wp-content\/uploads\/2023\/02\/Diseno-sin-titulo-16.png?resize=350%2C200&ssl=1","width":350,"height":200},"classes":[]},{"id":1085,"url":"https:\/\/coralpapeleria.cl\/index.php\/product\/8-destacadores-boss-pastel-wallet\/","url_meta":{"origin":743,"position":3},"title":"8 Destacadores Boss Pastel Wallet","date":"11 de mayo de 2022","format":false,"excerpt":"Pack de 8 destacadores PASTEL BOSS para resaltar y marcar todo lo que necesites. Mayor duraci\u00f3n y rendimiento con calidad alemana.","rel":"","context":"Entrada similar","img":{"alt_text":"","src":"https:\/\/i0.wp.com\/coralpapeleria.cl\/wp-content\/uploads\/2022\/05\/Disen\u0303o-sin-ti\u0301tulo-10.png?resize=350%2C200&ssl=1","width":350,"height":200},"classes":[]},{"id":1041,"url":"https:\/\/coralpapeleria.cl\/index.php\/product\/pack-4-destacadores-boss-pastel\/","url_meta":{"origin":743,"position":4},"title":"Pack 4 Destacadores Boss Pastel","date":"18 de abril de 2022","format":false,"excerpt":"4 destacadores Pastel Boss en pack color menta, turquesa, rosa y lila. Para resaltar y marcar todo lo que necesites. Mayor duraci\u00f3n y rendimiento con calidad alemana.","rel":"","context":"Entrada similar","img":{"alt_text":"","src":"https:\/\/i0.wp.com\/coralpapeleria.cl\/wp-content\/uploads\/2022\/04\/caja-metalica-6.jpg?resize=350%2C200&ssl=1","width":350,"height":200},"classes":[]},{"id":1018,"url":"https:\/\/coralpapeleria.cl\/index.php\/product\/set-18-destacadores-swing-cool\/","url_meta":{"origin":743,"position":5},"title":"Set 18 Destacadores Swing Cool","date":"30 de marzo de 2022","format":false,"excerpt":"Set destacadores Stabilo Swing Cool Fashion Edition por marina Hoermanseder. El set tiene 18 colores, 8 colores fluorescentes + 10 pastel. La terminaci\u00f3n es de punta biselada, con colores acuarelables. Tama\u00f1o: 35.56 x\u00a0 2.54 x 17.78 cm","rel":"","context":"Entrada similar","img":{"alt_text":"","src":"https:\/\/i0.wp.com\/coralpapeleria.cl\/wp-content\/uploads\/2022\/03\/Set-Swing-Cool-1.jpg?resize=350%2C200&ssl=1","width":350,"height":200},"classes":[]}],"_links":{"self":[{"href":"https:\/\/coralpapeleria.cl\/index.php\/wp-json\/wp\/v2\/product\/743","targetHints":{"allow":["GET"]}}],"collection":[{"href":"https:\/\/coralpapeleria.cl\/index.php\/wp-json\/wp\/v2\/product"}],"about":[{"href":"https:\/\/coralpapeleria.cl\/index.php\/wp-json\/wp\/v2\/types\/product"}],"replies":[{"embeddable":true,"href":"https:\/\/coralpapeleria.cl\/index.php\/wp-json\/wp\/v2\/comments?post=743"}],"wp:featuredmedia":[{"embeddable":true,"href":"https:\/\/coralpapeleria.cl\/index.php\/wp-json\/wp\/v2\/media\/1101"}],"wp:attachment":[{"href":"https:\/\/coralpapeleria.cl\/index.php\/wp-json\/wp\/v2\/media?parent=743"}],"wp:term":[{"taxonomy":"product_cat","embeddable":true,"href":"https:\/\/coralpapeleria.cl\/index.php\/wp-json\/wp\/v2\/product_cat?post=743"},{"taxonomy":"product_tag","embeddable":true,"href":"https:\/\/coralpapeleria.cl\/index.php\/wp-json\/wp\/v2\/product_tag?post=743"}],"curies":[{"name":"wp","href":"https:\/\/api.w.org\/{rel}","templated":true}]}}