{"id":745,"date":"2022-02-12T22:19:24","date_gmt":"2022-02-12T22:19:24","guid":{"rendered":"https:\/\/coralpapeleria.cl\/?post_type=product&#038;p=745"},"modified":"2022-03-28T22:14:52","modified_gmt":"2022-03-28T22:14:52","slug":"lapiz-faber-castell-gel-azul","status":"publish","type":"product","link":"https:\/\/coralpapeleria.cl\/index.php\/product\/lapiz-faber-castell-gel-azul\/","title":{"rendered":"L\u00e1piz Gel Azul &#8211; Faber Castell"},"content":{"rendered":"","protected":false},"excerpt":{"rendered":"<p>L\u00e1piz gel azul 0.7.<\/p>\n<p>Gelroller.<\/p>\n","protected":false},"featured_media":746,"comment_status":"open","ping_status":"closed","template":"","meta":{"spay_email":"","_joinchat":[]},"product_cat":[95],"product_tag":[98,115,89,114],"class_list":["post-745","product","type-product","status-publish","has-post-thumbnail","hentry","product_cat-lapices-pasta-y-gel","product_tag-0-7","product_tag-azul","product_tag-faber-castell","product_tag-lapiz-gel"],"jetpack-related-posts":[{"id":623,"url":"https:\/\/coralpapeleria.cl\/index.php\/product\/portaminas-apollo-azul-oscuro-07mm\/","url_meta":{"origin":745,"position":0},"title":"Portaminas Apollo Azul Oscuro 0,7 mm","date":"11 de febrero de 2022","format":false,"excerpt":"Portaminas Apollo Azul Oscuro 0,7 mm Faber Castell","rel":"","context":"Entrada similar","img":{"alt_text":"","src":"https:\/\/i0.wp.com\/coralpapeleria.cl\/wp-content\/uploads\/2022\/02\/faber-castell-2.jpg?resize=350%2C200&ssl=1","width":350,"height":200},"classes":[]},{"id":885,"url":"https:\/\/coralpapeleria.cl\/index.php\/product\/boligrafo-032-medium-naranjo\/","url_meta":{"origin":745,"position":1},"title":"Bol\u00edgrafo 032 Medium Naranjo","date":"7 de marzo de 2022","format":false,"excerpt":"Bol\u00edgrafo 032 Medium Naranjo Faber Castell.","rel":"","context":"Entrada similar","img":{"alt_text":"","src":"https:\/\/i0.wp.com\/coralpapeleria.cl\/wp-content\/uploads\/2022\/03\/trilu.jpg?resize=350%2C200&ssl=1","width":350,"height":200},"classes":[]},{"id":887,"url":"https:\/\/coralpapeleria.cl\/index.php\/product\/boligrafo-032-medium-verde\/","url_meta":{"origin":745,"position":2},"title":"Bol\u00edgrafo 032 Medium Verde","date":"7 de marzo de 2022","format":false,"excerpt":"Bol\u00edgrafo 032 Medium Verde Faber Castell.","rel":"","context":"Entrada similar","img":{"alt_text":"","src":"https:\/\/i0.wp.com\/coralpapeleria.cl\/wp-content\/uploads\/2022\/03\/trilu-1.jpg?resize=350%2C200&ssl=1","width":350,"height":200},"classes":[]},{"id":894,"url":"https:\/\/coralpapeleria.cl\/index.php\/product\/boligrafo-032-medium-plateado\/","url_meta":{"origin":745,"position":3},"title":"Bol\u00edgrafo 032 Medium Plateado","date":"7 de marzo de 2022","format":false,"excerpt":"Bol\u00edgrafo 032 Medium Plateado Faber Castell.","rel":"","context":"Entrada similar","img":{"alt_text":"","src":"https:\/\/i0.wp.com\/coralpapeleria.cl\/wp-content\/uploads\/2022\/03\/trilu-4.jpg?resize=350%2C200&ssl=1","width":350,"height":200},"classes":[]},{"id":896,"url":"https:\/\/coralpapeleria.cl\/index.php\/product\/boligrafo-032-medium-cafe\/","url_meta":{"origin":745,"position":4},"title":"Bol\u00edgrafo 032 Medium Caf\u00e9","date":"7 de marzo de 2022","format":false,"excerpt":"Bol\u00edgrafo 032 Medium Caf\u00e9 Faber Castell.","rel":"","context":"Entrada similar","img":{"alt_text":"","src":"https:\/\/i0.wp.com\/coralpapeleria.cl\/wp-content\/uploads\/2022\/03\/trilu-8.jpg?resize=350%2C200&ssl=1","width":350,"height":200},"classes":[]},{"id":890,"url":"https:\/\/coralpapeleria.cl\/index.php\/product\/boligrafo-032-medium-rosado\/","url_meta":{"origin":745,"position":5},"title":"Bol\u00edgrafo 032 Medium Rosado","date":"7 de marzo de 2022","format":false,"excerpt":"Bol\u00edgrafo 032 Medium Rosado Faber Castell.","rel":"","context":"Entrada similar","img":{"alt_text":"","src":"https:\/\/i0.wp.com\/coralpapeleria.cl\/wp-content\/uploads\/2022\/03\/trilu-2-1.jpg?resize=350%2C200&ssl=1","width":350,"height":200},"classes":[]}],"_links":{"self":[{"href":"https:\/\/coralpapeleria.cl\/index.php\/wp-json\/wp\/v2\/product\/745","targetHints":{"allow":["GET"]}}],"collection":[{"href":"https:\/\/coralpapeleria.cl\/index.php\/wp-json\/wp\/v2\/product"}],"about":[{"href":"https:\/\/coralpapeleria.cl\/index.php\/wp-json\/wp\/v2\/types\/product"}],"replies":[{"embeddable":true,"href":"https:\/\/coralpapeleria.cl\/index.php\/wp-json\/wp\/v2\/comments?post=745"}],"wp:featuredmedia":[{"embeddable":true,"href":"https:\/\/coralpapeleria.cl\/index.php\/wp-json\/wp\/v2\/media\/746"}],"wp:attachment":[{"href":"https:\/\/coralpapeleria.cl\/index.php\/wp-json\/wp\/v2\/media?parent=745"}],"wp:term":[{"taxonomy":"product_cat","embeddable":true,"href":"https:\/\/coralpapeleria.cl\/index.php\/wp-json\/wp\/v2\/product_cat?post=745"},{"taxonomy":"product_tag","embeddable":true,"href":"https:\/\/coralpapeleria.cl\/index.php\/wp-json\/wp\/v2\/product_tag?post=745"}],"curies":[{"name":"wp","href":"https:\/\/api.w.org\/{rel}","templated":true}]}}