{"id":747,"date":"2022-02-12T22:33:46","date_gmt":"2022-02-12T22:33:46","guid":{"rendered":"https:\/\/coralpapeleria.cl\/?post_type=product&#038;p=747"},"modified":"2022-05-12T14:33:26","modified_gmt":"2022-05-12T14:33:26","slug":"boligrafos-gel-3-unidades-isofit","status":"publish","type":"product","link":"https:\/\/coralpapeleria.cl\/index.php\/product\/boligrafos-gel-3-unidades-isofit\/","title":{"rendered":"Bol\u00edgrafos Gel 3 unidades- Isofit"},"content":{"rendered":"","protected":false},"excerpt":{"rendered":"<p>Set 3 bol\u00edgrafos gel negro. 3 unidades.<\/p>\n<p>Tama\u00f1os: 0.5, 0.7, 1.0.<\/p>\n","protected":false},"featured_media":748,"comment_status":"open","ping_status":"closed","template":"","meta":{"spay_email":"","_joinchat":[]},"product_cat":[95],"product_tag":[107,116,117,77,118],"class_list":["post-747","product","type-product","status-publish","has-post-thumbnail","hentry","product_cat-lapices-pasta-y-gel","product_tag-boligrafos","product_tag-gel","product_tag-isofit","product_tag-lapiz","product_tag-negro"],"jetpack-related-posts":[{"id":869,"url":"https:\/\/coralpapeleria.cl\/index.php\/product\/lapiz-gel-3-unidades-isofit\/","url_meta":{"origin":747,"position":0},"title":"Lapiz Gel 3 Unidades Isofit","date":"7 de marzo de 2022","format":false,"excerpt":"","rel":"","context":"Entrada similar","img":{"alt_text":"","src":"https:\/\/i0.wp.com\/coralpapeleria.cl\/wp-content\/uploads\/2022\/03\/clips-3.png?resize=350%2C200&ssl=1","width":350,"height":200},"classes":[]},{"id":885,"url":"https:\/\/coralpapeleria.cl\/index.php\/product\/boligrafo-032-medium-naranjo\/","url_meta":{"origin":747,"position":1},"title":"Bol\u00edgrafo 032 Medium Naranjo","date":"7 de marzo de 2022","format":false,"excerpt":"Bol\u00edgrafo 032 Medium Naranjo Faber Castell.","rel":"","context":"Entrada similar","img":{"alt_text":"","src":"https:\/\/i0.wp.com\/coralpapeleria.cl\/wp-content\/uploads\/2022\/03\/trilu.jpg?resize=350%2C200&ssl=1","width":350,"height":200},"classes":[]},{"id":887,"url":"https:\/\/coralpapeleria.cl\/index.php\/product\/boligrafo-032-medium-verde\/","url_meta":{"origin":747,"position":2},"title":"Bol\u00edgrafo 032 Medium Verde","date":"7 de marzo de 2022","format":false,"excerpt":"Bol\u00edgrafo 032 Medium Verde Faber Castell.","rel":"","context":"Entrada similar","img":{"alt_text":"","src":"https:\/\/i0.wp.com\/coralpapeleria.cl\/wp-content\/uploads\/2022\/03\/trilu-1.jpg?resize=350%2C200&ssl=1","width":350,"height":200},"classes":[]},{"id":896,"url":"https:\/\/coralpapeleria.cl\/index.php\/product\/boligrafo-032-medium-cafe\/","url_meta":{"origin":747,"position":3},"title":"Bol\u00edgrafo 032 Medium Caf\u00e9","date":"7 de marzo de 2022","format":false,"excerpt":"Bol\u00edgrafo 032 Medium Caf\u00e9 Faber Castell.","rel":"","context":"Entrada similar","img":{"alt_text":"","src":"https:\/\/i0.wp.com\/coralpapeleria.cl\/wp-content\/uploads\/2022\/03\/trilu-8.jpg?resize=350%2C200&ssl=1","width":350,"height":200},"classes":[]},{"id":890,"url":"https:\/\/coralpapeleria.cl\/index.php\/product\/boligrafo-032-medium-rosado\/","url_meta":{"origin":747,"position":4},"title":"Bol\u00edgrafo 032 Medium Rosado","date":"7 de marzo de 2022","format":false,"excerpt":"Bol\u00edgrafo 032 Medium Rosado Faber Castell.","rel":"","context":"Entrada similar","img":{"alt_text":"","src":"https:\/\/i0.wp.com\/coralpapeleria.cl\/wp-content\/uploads\/2022\/03\/trilu-2-1.jpg?resize=350%2C200&ssl=1","width":350,"height":200},"classes":[]},{"id":892,"url":"https:\/\/coralpapeleria.cl\/index.php\/product\/boligrafo-032-medium-morado\/","url_meta":{"origin":747,"position":5},"title":"Bol\u00edgrafo 032 Medium Morado","date":"7 de marzo de 2022","format":false,"excerpt":"Bol\u00edgrafo 032 Medium Morado Faber Castell.","rel":"","context":"Entrada similar","img":{"alt_text":"","src":"https:\/\/i0.wp.com\/coralpapeleria.cl\/wp-content\/uploads\/2022\/03\/trilu-3.jpg?resize=350%2C200&ssl=1","width":350,"height":200},"classes":[]}],"_links":{"self":[{"href":"https:\/\/coralpapeleria.cl\/index.php\/wp-json\/wp\/v2\/product\/747","targetHints":{"allow":["GET"]}}],"collection":[{"href":"https:\/\/coralpapeleria.cl\/index.php\/wp-json\/wp\/v2\/product"}],"about":[{"href":"https:\/\/coralpapeleria.cl\/index.php\/wp-json\/wp\/v2\/types\/product"}],"replies":[{"embeddable":true,"href":"https:\/\/coralpapeleria.cl\/index.php\/wp-json\/wp\/v2\/comments?post=747"}],"wp:featuredmedia":[{"embeddable":true,"href":"https:\/\/coralpapeleria.cl\/index.php\/wp-json\/wp\/v2\/media\/748"}],"wp:attachment":[{"href":"https:\/\/coralpapeleria.cl\/index.php\/wp-json\/wp\/v2\/media?parent=747"}],"wp:term":[{"taxonomy":"product_cat","embeddable":true,"href":"https:\/\/coralpapeleria.cl\/index.php\/wp-json\/wp\/v2\/product_cat?post=747"},{"taxonomy":"product_tag","embeddable":true,"href":"https:\/\/coralpapeleria.cl\/index.php\/wp-json\/wp\/v2\/product_tag?post=747"}],"curies":[{"name":"wp","href":"https:\/\/api.w.org\/{rel}","templated":true}]}}