{"id":792,"date":"2022-03-04T01:09:00","date_gmt":"2022-03-04T01:09:00","guid":{"rendered":"https:\/\/coralpapeleria.cl\/?post_type=product&#038;p=792"},"modified":"2025-02-21T11:22:27","modified_gmt":"2025-02-21T11:22:27","slug":"set-super-balde-connector-50","status":"publish","type":"product","link":"https:\/\/coralpapeleria.cl\/index.php\/product\/set-super-balde-connector-50\/","title":{"rendered":"Set Super Balde Connector 50"},"content":{"rendered":"","protected":false},"excerpt":{"rendered":"<p>Set Super Blade Connector 50.<\/p>\n<p>Faber Castell.<\/p>\n","protected":false},"featured_media":793,"comment_status":"open","ping_status":"closed","template":"","meta":{"spay_email":"","_joinchat":[]},"product_cat":[85,86],"product_tag":[127,128,126],"class_list":["post-792","product","type-product","status-publish","has-post-thumbnail","hentry","product_cat-tira-lineas","product_cat-faber-castell-tira-lineas","product_tag-connector","product_tag-lapices-escriptos","product_tag-marcadores"],"jetpack-related-posts":[{"id":743,"url":"https:\/\/coralpapeleria.cl\/index.php\/product\/set-destacadores-faber-castell\/","url_meta":{"origin":792,"position":0},"title":"Set Destacadores Faber Castell Pastel","date":"12 de febrero de 2022","format":false,"excerpt":"Set 8 destacadores 1546 pastel. Los destacadores tienen una punta con tres tipos de grosor, as\u00ed podr\u00e1s subrayar peque\u00f1os y grandes fragmentos de tus textos. Su tinta a base de agua tiene pigmentos de alta calidad que, a pesar de no ser fluorescentes, impregnan la hoja y resaltan p\u00e1rrafos completos\u2026","rel":"","context":"Entrada similar","img":{"alt_text":"","src":"https:\/\/i0.wp.com\/coralpapeleria.cl\/wp-content\/uploads\/2022\/02\/Diseno-sin-titulo-3.png?resize=350%2C200&ssl=1","width":350,"height":200},"classes":[]},{"id":726,"url":"https:\/\/coralpapeleria.cl\/index.php\/product\/lapices-pasta-surtidos-faber-castell\/","url_meta":{"origin":792,"position":1},"title":"L\u00e1pices Pasta Surtidos &#8211; Faber Castell","date":"12 de febrero de 2022","format":false,"excerpt":"Set de l\u00e1pices pasta, 10 colores surtidos, cuerpo redondo y transparente, tapa anti asfixia.","rel":"","context":"Entrada similar","img":{"alt_text":"","src":"https:\/\/i0.wp.com\/coralpapeleria.cl\/wp-content\/uploads\/2022\/02\/boigrafo-gel-2.jpg?resize=350%2C200&ssl=1","width":350,"height":200},"classes":[]},{"id":900,"url":"https:\/\/coralpapeleria.cl\/index.php\/product\/destacador-48-super-fluorescent-rojo\/","url_meta":{"origin":792,"position":2},"title":"Destacador 48 Super Fluorescent Rojo","date":"7 de marzo de 2022","format":false,"excerpt":"Caracter\u00edsticas: Punta biselada Tres anchos de trazo: 5.0mm, 2.0mm y 1.0mm Cuerpo opaco Larga duraci\u00f3n","rel":"","context":"Entrada similar","img":{"alt_text":"","src":"https:\/\/i0.wp.com\/coralpapeleria.cl\/wp-content\/uploads\/2022\/03\/faber-castell-1.jpg?resize=350%2C200&ssl=1","width":350,"height":200},"classes":[]},{"id":903,"url":"https:\/\/coralpapeleria.cl\/index.php\/product\/destacador-48-super-fluorescent-rosado\/","url_meta":{"origin":792,"position":3},"title":"Destacador 48 Super Fluorescent Rosado","date":"7 de marzo de 2022","format":false,"excerpt":"Caracter\u00edsticas: Punta biselada Tres anchos de trazo: 5.0mm, 2.0mm y 1.0mm Cuerpo opaco Larga duraci\u00f3n","rel":"","context":"Entrada similar","img":{"alt_text":"","src":"https:\/\/i0.wp.com\/coralpapeleria.cl\/wp-content\/uploads\/2022\/03\/faber-castell-4.jpg?resize=350%2C200&ssl=1","width":350,"height":200},"classes":[]},{"id":908,"url":"https:\/\/coralpapeleria.cl\/index.php\/product\/destacador-48-super-fluorescent-naranjo\/","url_meta":{"origin":792,"position":4},"title":"Destacador 48 Super Fluorescent Naranjo","date":"7 de marzo de 2022","format":false,"excerpt":"Caracter\u00edsticas: Punta biselada Tres anchos de trazo: 5.0mm, 2.0mm y 1.0mm Cuerpo opaco Larga duraci\u00f3n","rel":"","context":"Entrada similar","img":{"alt_text":"","src":"https:\/\/i0.wp.com\/coralpapeleria.cl\/wp-content\/uploads\/2022\/03\/faber-castell-9.jpg?resize=350%2C200&ssl=1","width":350,"height":200},"classes":[]},{"id":911,"url":"https:\/\/coralpapeleria.cl\/index.php\/product\/destacador-48-super-fluorescent-celeste\/","url_meta":{"origin":792,"position":5},"title":"Destacador 48 Super Fluorescent Celeste","date":"7 de marzo de 2022","format":false,"excerpt":"Caracter\u00edsticas: Punta biselada Tres anchos de trazo: 5.0mm, 2.0mm y 1.0mm Cuerpo opaco Larga duraci\u00f3n","rel":"","context":"Entrada similar","img":{"alt_text":"","src":"https:\/\/i0.wp.com\/coralpapeleria.cl\/wp-content\/uploads\/2022\/03\/faber-castell-11.jpg?resize=350%2C200&ssl=1","width":350,"height":200},"classes":[]}],"_links":{"self":[{"href":"https:\/\/coralpapeleria.cl\/index.php\/wp-json\/wp\/v2\/product\/792","targetHints":{"allow":["GET"]}}],"collection":[{"href":"https:\/\/coralpapeleria.cl\/index.php\/wp-json\/wp\/v2\/product"}],"about":[{"href":"https:\/\/coralpapeleria.cl\/index.php\/wp-json\/wp\/v2\/types\/product"}],"replies":[{"embeddable":true,"href":"https:\/\/coralpapeleria.cl\/index.php\/wp-json\/wp\/v2\/comments?post=792"}],"wp:featuredmedia":[{"embeddable":true,"href":"https:\/\/coralpapeleria.cl\/index.php\/wp-json\/wp\/v2\/media\/793"}],"wp:attachment":[{"href":"https:\/\/coralpapeleria.cl\/index.php\/wp-json\/wp\/v2\/media?parent=792"}],"wp:term":[{"taxonomy":"product_cat","embeddable":true,"href":"https:\/\/coralpapeleria.cl\/index.php\/wp-json\/wp\/v2\/product_cat?post=792"},{"taxonomy":"product_tag","embeddable":true,"href":"https:\/\/coralpapeleria.cl\/index.php\/wp-json\/wp\/v2\/product_tag?post=792"}],"curies":[{"name":"wp","href":"https:\/\/api.w.org\/{rel}","templated":true}]}}