{"id":800,"date":"2022-03-04T01:46:26","date_gmt":"2022-03-04T01:46:26","guid":{"rendered":"https:\/\/coralpapeleria.cl\/?post_type=product&#038;p=800"},"modified":"2023-02-24T00:54:23","modified_gmt":"2023-02-24T00:54:23","slug":"ecolapices-bicolor-24","status":"publish","type":"product","link":"https:\/\/coralpapeleria.cl\/index.php\/product\/ecolapices-bicolor-24\/","title":{"rendered":"Ecol\u00e1pices Bicolor 24"},"content":{"rendered":"","protected":false},"excerpt":{"rendered":"<p>Ecol\u00e1pices Bicolor 24 lapices, 48 colores.<\/p>\n<p>Faber Castell.<\/p>\n","protected":false},"featured_media":1134,"comment_status":"open","ping_status":"closed","template":"","meta":{"spay_email":"","_joinchat":[]},"product_cat":[70,71],"product_tag":[133,89,131],"class_list":["post-800","product","type-product","status-publish","has-post-thumbnail","hentry","product_cat-lapices","product_cat-faber-castell","product_tag-bicolores","product_tag-faber-castell","product_tag-lapices-palo"],"jetpack-related-posts":[{"id":798,"url":"https:\/\/coralpapeleria.cl\/index.php\/product\/ecolapices-bicolor-faber-castell\/","url_meta":{"origin":800,"position":0},"title":"Ecol\u00e1pices Bicolor 12","date":"4 de marzo de 2022","format":false,"excerpt":"Ecol\u00e1pices Bicolor Faber Castell. 12 l\u00e1pices +2 l\u00e1pices grafito + goma + sacapuntas.","rel":"","context":"Entrada similar","img":{"alt_text":"","src":"https:\/\/i0.wp.com\/coralpapeleria.cl\/wp-content\/uploads\/2022\/03\/productoss-7.png?resize=350%2C200&ssl=1","width":350,"height":200},"classes":[]},{"id":865,"url":"https:\/\/coralpapeleria.cl\/index.php\/product\/ecolapices-caras-y-colores\/","url_meta":{"origin":800,"position":1},"title":"Ecol\u00e1pices Caras y Colores","date":"7 de marzo de 2022","format":false,"excerpt":"24 ecol\u00e1pices + 3 ecol\u00e1pices bicolor. A los tradicionales EcoL\u00e1pices de Faber Castell se le suman 6 tonos de piel diferentes y mezclables entre si creando nuevas combinaciones, estimulando la creatividad con colores m\u00e1s vivos y con \u00f3ptima cobertura, logrando crear hasta 18 tonalidades de piel distintas mezclando los colores.","rel":"","context":"Entrada similar","img":{"alt_text":"","src":"https:\/\/i0.wp.com\/coralpapeleria.cl\/wp-content\/uploads\/2022\/03\/clips-1.png?resize=350%2C200&ssl=1","width":350,"height":200},"classes":[]},{"id":726,"url":"https:\/\/coralpapeleria.cl\/index.php\/product\/lapices-pasta-surtidos-faber-castell\/","url_meta":{"origin":800,"position":2},"title":"L\u00e1pices Pasta Surtidos &#8211; Faber Castell","date":"12 de febrero de 2022","format":false,"excerpt":"Set de l\u00e1pices pasta, 10 colores surtidos, cuerpo redondo y transparente, tapa anti asfixia.","rel":"","context":"Entrada similar","img":{"alt_text":"","src":"https:\/\/i0.wp.com\/coralpapeleria.cl\/wp-content\/uploads\/2022\/02\/boigrafo-gel-2.jpg?resize=350%2C200&ssl=1","width":350,"height":200},"classes":[]},{"id":745,"url":"https:\/\/coralpapeleria.cl\/index.php\/product\/lapiz-faber-castell-gel-azul\/","url_meta":{"origin":800,"position":3},"title":"L\u00e1piz Gel Azul &#8211; Faber Castell","date":"12 de febrero de 2022","format":false,"excerpt":"L\u00e1piz gel azul 0.7. Gelroller.","rel":"","context":"Entrada similar","img":{"alt_text":"","src":"https:\/\/i0.wp.com\/coralpapeleria.cl\/wp-content\/uploads\/2022\/02\/productoss-4.jpg?resize=350%2C200&ssl=1","width":350,"height":200},"classes":[]},{"id":1132,"url":"https:\/\/coralpapeleria.cl\/index.php\/product\/ecolapiz-de-color-12-largos-2-grafitos\/","url_meta":{"origin":800,"position":4},"title":"Ecol\u00e1piz de Color 12 Largos + 2 Grafitos","date":"21 de febrero de 2023","format":false,"excerpt":"Ecol\u00e1piz de color x12 largos + 2 Grafito L\u00e1pices de color permanentes en tama\u00f1o est\u00e1ndar y forma hexagonal. V\u00edvidos colores y un proceso de uni\u00f3n que los hace resistentes a quebraduras. Los l\u00e1pices de color cl\u00e1sicos vienen disponibles en hasta 60 colores diferentes. Detalles del producto Estuche con 12 eco\u2026","rel":"","context":"Entrada similar","img":{"alt_text":"","src":"https:\/\/i0.wp.com\/coralpapeleria.cl\/wp-content\/uploads\/2023\/02\/Diseno-sin-titulo-19.png?resize=350%2C200&ssl=1","width":350,"height":200},"classes":[]},{"id":885,"url":"https:\/\/coralpapeleria.cl\/index.php\/product\/boligrafo-032-medium-naranjo\/","url_meta":{"origin":800,"position":5},"title":"Bol\u00edgrafo 032 Medium Naranjo","date":"7 de marzo de 2022","format":false,"excerpt":"Bol\u00edgrafo 032 Medium Naranjo Faber Castell.","rel":"","context":"Entrada similar","img":{"alt_text":"","src":"https:\/\/i0.wp.com\/coralpapeleria.cl\/wp-content\/uploads\/2022\/03\/trilu.jpg?resize=350%2C200&ssl=1","width":350,"height":200},"classes":[]}],"_links":{"self":[{"href":"https:\/\/coralpapeleria.cl\/index.php\/wp-json\/wp\/v2\/product\/800","targetHints":{"allow":["GET"]}}],"collection":[{"href":"https:\/\/coralpapeleria.cl\/index.php\/wp-json\/wp\/v2\/product"}],"about":[{"href":"https:\/\/coralpapeleria.cl\/index.php\/wp-json\/wp\/v2\/types\/product"}],"replies":[{"embeddable":true,"href":"https:\/\/coralpapeleria.cl\/index.php\/wp-json\/wp\/v2\/comments?post=800"}],"wp:featuredmedia":[{"embeddable":true,"href":"https:\/\/coralpapeleria.cl\/index.php\/wp-json\/wp\/v2\/media\/1134"}],"wp:attachment":[{"href":"https:\/\/coralpapeleria.cl\/index.php\/wp-json\/wp\/v2\/media?parent=800"}],"wp:term":[{"taxonomy":"product_cat","embeddable":true,"href":"https:\/\/coralpapeleria.cl\/index.php\/wp-json\/wp\/v2\/product_cat?post=800"},{"taxonomy":"product_tag","embeddable":true,"href":"https:\/\/coralpapeleria.cl\/index.php\/wp-json\/wp\/v2\/product_tag?post=800"}],"curies":[{"name":"wp","href":"https:\/\/api.w.org\/{rel}","templated":true}]}}