{"id":809,"date":"2022-03-04T02:14:37","date_gmt":"2022-03-04T02:14:37","guid":{"rendered":"https:\/\/coralpapeleria.cl\/?post_type=product&#038;p=809"},"modified":"2023-02-21T17:56:14","modified_gmt":"2023-02-21T17:56:14","slug":"corrector-cinta-5mm-x-6m-azul","status":"publish","type":"product","link":"https:\/\/coralpapeleria.cl\/index.php\/product\/corrector-cinta-5mm-x-6m-azul\/","title":{"rendered":"Corrector Cinta 5mm x 6m Azul"},"content":{"rendered":"","protected":false},"excerpt":{"rendered":"<p>Corrector Cinta 5mm x 6m Azul.<\/p>\n<p>Proarte<\/p>\n","protected":false},"featured_media":810,"comment_status":"open","ping_status":"closed","template":"","meta":{"spay_email":"","_joinchat":[]},"product_cat":[119,144],"product_tag":[141,140,142,143],"class_list":["post-809","product","type-product","status-publish","has-post-thumbnail","hentry","product_cat-accesorios-de-oficina","product_cat-corrector","product_tag-corrector","product_tag-corrector-en-cinta","product_tag-liquid","product_tag-proarte"],"jetpack-related-posts":[{"id":994,"url":"https:\/\/coralpapeleria.cl\/index.php\/product\/corrector-cinta-5mm-x-6m-rosado\/","url_meta":{"origin":809,"position":0},"title":"Corrector Cinta 5mm x 6m Rosado","date":"21 de marzo de 2022","format":false,"excerpt":"Corrector Cinta 5mm x 6m. Proarte.","rel":"","context":"Entrada similar","img":{"alt_text":"","src":"https:\/\/i0.wp.com\/coralpapeleria.cl\/wp-content\/uploads\/2022\/03\/corrector.jpg?resize=350%2C200&ssl=1","width":350,"height":200},"classes":[]},{"id":1129,"url":"https:\/\/coralpapeleria.cl\/index.php\/product\/corrector-cinta-5mm-x-8m-azul\/","url_meta":{"origin":809,"position":1},"title":"Corrector Cinta 5mm x 8m Azul","date":"21 de febrero de 2023","format":false,"excerpt":"Corrector en Cinta 5mm x 8m. Proarte.","rel":"","context":"Entrada similar","img":{"alt_text":"","src":"https:\/\/i0.wp.com\/coralpapeleria.cl\/wp-content\/uploads\/2023\/02\/Diseno-sin-titulo-18.png?resize=350%2C200&ssl=1","width":350,"height":200},"classes":[]},{"id":871,"url":"https:\/\/coralpapeleria.cl\/index.php\/product\/corrector-cinta-5mm-x-8m-rosado\/","url_meta":{"origin":809,"position":2},"title":"Corrector Cinta 5mm x 8m Rosado","date":"7 de marzo de 2022","format":false,"excerpt":"Corrector en Cinta 5mm x 8m. Proarte.","rel":"","context":"Entrada similar","img":{"alt_text":"","src":"https:\/\/i0.wp.com\/coralpapeleria.cl\/wp-content\/uploads\/2022\/03\/Corrector.png?resize=350%2C200&ssl=1","width":350,"height":200},"classes":[]},{"id":1138,"url":"https:\/\/coralpapeleria.cl\/index.php\/product\/libreta-pvc2-60-hojas\/","url_meta":{"origin":809,"position":3},"title":"Libreta PVC#2 60 Hojas","date":"21 de febrero de 2023","format":false,"excerpt":"LIBRETA DE APUNTES 60hj RHEIN - Marca: Rhein - Producto: Libreta de apuntes - Modelo: Apuntes \/ 325.622 - L\u00ednea: Administrativa - Rayado: Lineal de 5mm de separaci\u00f3n entre lineas - Cantidad: 1 unidad - Hojas: 60 hojas - Dimensiones netas: 12.6x9x1.2cm - Encuadernaci\u00f3n: Anillado - Espiral: Simple recubierto en\u2026","rel":"","context":"Entrada similar","img":{"alt_text":"","src":"https:\/\/i0.wp.com\/coralpapeleria.cl\/wp-content\/uploads\/2023\/02\/Diseno-sin-titulo-22.png?resize=350%2C200&ssl=1","width":350,"height":200},"classes":[]},{"id":1141,"url":"https:\/\/coralpapeleria.cl\/index.php\/product\/libreta-pvc3-60-hojas\/","url_meta":{"origin":809,"position":4},"title":"Libreta PVC#3 60 Hojas","date":"21 de febrero de 2023","format":false,"excerpt":"LIBRETA DE APUNTES 60hj RHEIN - Marca: Rhein - Producto: Libreta de apuntes - Modelo: Apuntes \/ 325.623 - L\u00ednea: Administrativa - Rayado: Lineal de 5mm de separaci\u00f3n entre lineas - Cantidad: 1 unidad - Hojas: 60 hojas - Dimensiones netas: 16x11.5x1.2cm - Encuadernaci\u00f3n: Anillado - Espiral: Simple recubierto en\u2026","rel":"","context":"Entrada similar","img":{"alt_text":"","src":"https:\/\/i0.wp.com\/coralpapeleria.cl\/wp-content\/uploads\/2023\/02\/Diseno-sin-titulo-22.png?resize=350%2C200&ssl=1","width":350,"height":200},"classes":[]},{"id":1135,"url":"https:\/\/coralpapeleria.cl\/index.php\/product\/libreta-pvc1-60-hojas\/","url_meta":{"origin":809,"position":5},"title":"Libreta PVC#1 60 Hojas","date":"21 de febrero de 2023","format":false,"excerpt":"LIBRETA DE APUNTES 60hj RHEIN - Marca: Rhein - Producto: Libreta de apuntes - Modelo: Apuntes \/ 325.621 - L\u00ednea: Administrativa - Rayado: Lineal de 5mm de separaci\u00f3n entre lineas - Cantidad: 1 unidad - Hojas: 60 hojas - Dimensiones netas: 11x8.3x1.2cm - Encuadernaci\u00f3n: Anillado - Espiral: Simple recubierto en\u2026","rel":"","context":"Entrada similar","img":{"alt_text":"","src":"https:\/\/i0.wp.com\/coralpapeleria.cl\/wp-content\/uploads\/2023\/02\/Diseno-sin-titulo-22.png?resize=350%2C200&ssl=1","width":350,"height":200},"classes":[]}],"_links":{"self":[{"href":"https:\/\/coralpapeleria.cl\/index.php\/wp-json\/wp\/v2\/product\/809","targetHints":{"allow":["GET"]}}],"collection":[{"href":"https:\/\/coralpapeleria.cl\/index.php\/wp-json\/wp\/v2\/product"}],"about":[{"href":"https:\/\/coralpapeleria.cl\/index.php\/wp-json\/wp\/v2\/types\/product"}],"replies":[{"embeddable":true,"href":"https:\/\/coralpapeleria.cl\/index.php\/wp-json\/wp\/v2\/comments?post=809"}],"wp:featuredmedia":[{"embeddable":true,"href":"https:\/\/coralpapeleria.cl\/index.php\/wp-json\/wp\/v2\/media\/810"}],"wp:attachment":[{"href":"https:\/\/coralpapeleria.cl\/index.php\/wp-json\/wp\/v2\/media?parent=809"}],"wp:term":[{"taxonomy":"product_cat","embeddable":true,"href":"https:\/\/coralpapeleria.cl\/index.php\/wp-json\/wp\/v2\/product_cat?post=809"},{"taxonomy":"product_tag","embeddable":true,"href":"https:\/\/coralpapeleria.cl\/index.php\/wp-json\/wp\/v2\/product_tag?post=809"}],"curies":[{"name":"wp","href":"https:\/\/api.w.org\/{rel}","templated":true}]}}