{"id":823,"date":"2022-03-06T13:07:12","date_gmt":"2022-03-06T13:07:12","guid":{"rendered":"https:\/\/coralpapeleria.cl\/?post_type=product&#038;p=823"},"modified":"2026-02-09T16:42:52","modified_gmt":"2026-02-09T16:42:52","slug":"banderitas-resaltadoras-de-texto","status":"publish","type":"product","link":"https:\/\/coralpapeleria.cl\/index.php\/product\/banderitas-resaltadoras-de-texto\/","title":{"rendered":"Banderitas Resaltadoras de Texto"},"content":{"rendered":"","protected":false},"excerpt":{"rendered":"<p>Banderitas Resaltadoras de Texto Isofit.<\/p>\n<p>5 colores.<\/p>\n<p>&nbsp;<\/p>\n","protected":false},"featured_media":825,"comment_status":"open","ping_status":"closed","template":"","meta":{"spay_email":"","_joinchat":[]},"product_cat":[119,145],"product_tag":[149,151,123],"class_list":["post-823","product","type-product","status-publish","has-post-thumbnail","hentry","product_cat-accesorios-de-oficina","product_cat-notas-adhesivas","product_tag-accesorio","product_tag-banderitas-resaltadoras","product_tag-oficina"],"jetpack-related-posts":[{"id":2578,"url":"https:\/\/coralpapeleria.cl\/index.php\/product\/bli-bandera-resaltadora-de-texto-5-colores\/","url_meta":{"origin":823,"position":0},"title":"Bli Bandera Resaltadora de Texto 5 Colores","date":"12 de marzo de 2023","format":false,"excerpt":"","rel":"","context":"Entrada similar","img":{"alt_text":"","src":"https:\/\/i0.wp.com\/coralpapeleria.cl\/wp-content\/uploads\/2023\/03\/PAGINA-WEB-6.png?resize=350%2C200&ssl=1","width":350,"height":200},"classes":[]},{"id":1126,"url":"https:\/\/coralpapeleria.cl\/index.php\/product\/block-2-memo-stick-3-colores-neon\/","url_meta":{"origin":823,"position":1},"title":"Block 2 Memo Stick 3 Colores Neon","date":"21 de febrero de 2023","format":false,"excerpt":"Block de notas Isofit 38x51 cm \u2013 2 Unidades \u2013 3 Colores neon \u2013 200 Hojas \u2013 38x 51 mm.","rel":"","context":"Entrada similar","img":{"alt_text":"","src":"https:\/\/i0.wp.com\/coralpapeleria.cl\/wp-content\/uploads\/2023\/02\/Diseno-sin-titulo-17.png?resize=350%2C200&ssl=1","width":350,"height":200},"classes":[]},{"id":869,"url":"https:\/\/coralpapeleria.cl\/index.php\/product\/lapiz-gel-3-unidades-isofit\/","url_meta":{"origin":823,"position":2},"title":"Lapiz Gel 3 Unidades Isofit","date":"7 de marzo de 2022","format":false,"excerpt":"","rel":"","context":"Entrada similar","img":{"alt_text":"","src":"https:\/\/i0.wp.com\/coralpapeleria.cl\/wp-content\/uploads\/2022\/03\/clips-3.png?resize=350%2C200&ssl=1","width":350,"height":200},"classes":[]},{"id":743,"url":"https:\/\/coralpapeleria.cl\/index.php\/product\/set-destacadores-faber-castell\/","url_meta":{"origin":823,"position":3},"title":"Set Destacadores Faber Castell Pastel","date":"12 de febrero de 2022","format":false,"excerpt":"Set 8 destacadores 1546 pastel. Los destacadores tienen una punta con tres tipos de grosor, as\u00ed podr\u00e1s subrayar peque\u00f1os y grandes fragmentos de tus textos. Su tinta a base de agua tiene pigmentos de alta calidad que, a pesar de no ser fluorescentes, impregnan la hoja y resaltan p\u00e1rrafos completos\u2026","rel":"","context":"Entrada similar","img":{"alt_text":"","src":"https:\/\/i0.wp.com\/coralpapeleria.cl\/wp-content\/uploads\/2022\/02\/Diseno-sin-titulo-3.png?resize=350%2C200&ssl=1","width":350,"height":200},"classes":[]},{"id":747,"url":"https:\/\/coralpapeleria.cl\/index.php\/product\/boligrafos-gel-3-unidades-isofit\/","url_meta":{"origin":823,"position":4},"title":"Bol\u00edgrafos Gel 3 unidades- Isofit","date":"12 de febrero de 2022","format":false,"excerpt":"Set 3 bol\u00edgrafos gel negro. 3 unidades. Tama\u00f1os: 0.5, 0.7, 1.0.","rel":"","context":"Entrada similar","img":{"alt_text":"","src":"https:\/\/i0.wp.com\/coralpapeleria.cl\/wp-content\/uploads\/2022\/02\/productoss-6.jpg?resize=350%2C200&ssl=1","width":350,"height":200},"classes":[]},{"id":857,"url":"https:\/\/coralpapeleria.cl\/index.php\/product\/caja-clips-colores\/","url_meta":{"origin":823,"position":5},"title":"Caja Clips Colores","date":"6 de marzo de 2022","format":false,"excerpt":"Caja Clips Multi Color Isofit. 100 unidades. 33 mm.","rel":"","context":"Entrada similar","img":{"alt_text":"","src":"https:\/\/i0.wp.com\/coralpapeleria.cl\/wp-content\/uploads\/2022\/03\/clips.jpg?resize=350%2C200&ssl=1","width":350,"height":200},"classes":[]}],"_links":{"self":[{"href":"https:\/\/coralpapeleria.cl\/index.php\/wp-json\/wp\/v2\/product\/823","targetHints":{"allow":["GET"]}}],"collection":[{"href":"https:\/\/coralpapeleria.cl\/index.php\/wp-json\/wp\/v2\/product"}],"about":[{"href":"https:\/\/coralpapeleria.cl\/index.php\/wp-json\/wp\/v2\/types\/product"}],"replies":[{"embeddable":true,"href":"https:\/\/coralpapeleria.cl\/index.php\/wp-json\/wp\/v2\/comments?post=823"}],"wp:featuredmedia":[{"embeddable":true,"href":"https:\/\/coralpapeleria.cl\/index.php\/wp-json\/wp\/v2\/media\/825"}],"wp:attachment":[{"href":"https:\/\/coralpapeleria.cl\/index.php\/wp-json\/wp\/v2\/media?parent=823"}],"wp:term":[{"taxonomy":"product_cat","embeddable":true,"href":"https:\/\/coralpapeleria.cl\/index.php\/wp-json\/wp\/v2\/product_cat?post=823"},{"taxonomy":"product_tag","embeddable":true,"href":"https:\/\/coralpapeleria.cl\/index.php\/wp-json\/wp\/v2\/product_tag?post=823"}],"curies":[{"name":"wp","href":"https:\/\/api.w.org\/{rel}","templated":true}]}}