{"id":865,"date":"2022-03-07T05:11:57","date_gmt":"2022-03-07T05:11:57","guid":{"rendered":"https:\/\/coralpapeleria.cl\/?post_type=product&#038;p=865"},"modified":"2023-02-21T19:03:18","modified_gmt":"2023-02-21T19:03:18","slug":"ecolapices-caras-y-colores","status":"publish","type":"product","link":"https:\/\/coralpapeleria.cl\/index.php\/product\/ecolapices-caras-y-colores\/","title":{"rendered":"Ecol\u00e1pices Caras y Colores"},"content":{"rendered":"","protected":false},"excerpt":{"rendered":"<p>24 ecol\u00e1pices + 3 ecol\u00e1pices bicolor.<\/p>\n<p>A los tradicionales EcoL\u00e1pices de Faber Castell se le suman 6 tonos de piel diferentes y mezclables entre si creando nuevas combinaciones, estimulando la creatividad con colores m\u00e1s vivos y con \u00f3ptima cobertura, logrando crear hasta 18 tonalidades de piel distintas mezclando los colores.<\/p>\n","protected":false},"featured_media":866,"comment_status":"open","ping_status":"closed","template":"","meta":{"spay_email":"","_joinchat":[]},"product_cat":[70,71],"product_tag":[156,89,101,154,155],"class_list":["post-865","product","type-product","status-publish","has-post-thumbnail","hentry","product_cat-lapices","product_cat-faber-castell","product_tag-colores","product_tag-faber-castell","product_tag-lapices","product_tag-palo","product_tag-piel"],"jetpack-related-posts":[{"id":1132,"url":"https:\/\/coralpapeleria.cl\/index.php\/product\/ecolapiz-de-color-12-largos-2-grafitos\/","url_meta":{"origin":865,"position":0},"title":"Ecol\u00e1piz de Color 12 Largos + 2 Grafitos","date":"21 de febrero de 2023","format":false,"excerpt":"Ecol\u00e1piz de color x12 largos + 2 Grafito L\u00e1pices de color permanentes en tama\u00f1o est\u00e1ndar y forma hexagonal. V\u00edvidos colores y un proceso de uni\u00f3n que los hace resistentes a quebraduras. Los l\u00e1pices de color cl\u00e1sicos vienen disponibles en hasta 60 colores diferentes. Detalles del producto Estuche con 12 eco\u2026","rel":"","context":"Entrada similar","img":{"alt_text":"","src":"https:\/\/i0.wp.com\/coralpapeleria.cl\/wp-content\/uploads\/2023\/02\/Diseno-sin-titulo-19.png?resize=350%2C200&ssl=1","width":350,"height":200},"classes":[]},{"id":857,"url":"https:\/\/coralpapeleria.cl\/index.php\/product\/caja-clips-colores\/","url_meta":{"origin":865,"position":1},"title":"Caja Clips Colores","date":"6 de marzo de 2022","format":false,"excerpt":"Caja Clips Multi Color Isofit. 100 unidades. 33 mm.","rel":"","context":"Entrada similar","img":{"alt_text":"","src":"https:\/\/i0.wp.com\/coralpapeleria.cl\/wp-content\/uploads\/2022\/03\/clips.jpg?resize=350%2C200&ssl=1","width":350,"height":200},"classes":[]},{"id":1033,"url":"https:\/\/coralpapeleria.cl\/index.php\/product\/pack-6-pen-68-colores-metalicos\/","url_meta":{"origin":865,"position":2},"title":"Pack 6 Pen 68 Colores Met\u00e1licos","date":"18 de abril de 2022","format":false,"excerpt":"Pack de 6 Pen 68 tinta met\u00e1lica, en formato coleccionable de caja met\u00e1lica. Stabilo","rel":"","context":"Entrada similar","img":{"alt_text":"","src":"https:\/\/i0.wp.com\/coralpapeleria.cl\/wp-content\/uploads\/2022\/04\/caja-metalica.jpg?resize=350%2C200&ssl=1","width":350,"height":200},"classes":[]},{"id":1036,"url":"https:\/\/coralpapeleria.cl\/index.php\/product\/pack-2-pen-68-colores-metalicos\/","url_meta":{"origin":865,"position":3},"title":"Pack 2 Pen 68 Colores Met\u00e1licos","date":"18 de abril de 2022","format":false,"excerpt":"Pack de 2 Pen 68 tinta met\u00e1lica, colores plata y dorado en formato bl\u00edster. Stabilo.","rel":"","context":"Entrada similar","img":{"alt_text":"","src":"https:\/\/i0.wp.com\/coralpapeleria.cl\/wp-content\/uploads\/2022\/04\/caja-metalica-2.jpg?resize=350%2C200&ssl=1","width":350,"height":200},"classes":[]},{"id":1113,"url":"https:\/\/coralpapeleria.cl\/index.php\/product\/set-stabilo-point-88-40-colores\/","url_meta":{"origin":865,"position":4},"title":"Set Stabilo Point 88 &#8211; 40 Colores","date":"20 de febrero de 2023","format":false,"excerpt":"40 Tiral\u00edneas o fineliner punta 0,4 mm POINT 88 bl\u00edster colores surtidos","rel":"","context":"Entrada similar","img":{"alt_text":"","src":"https:\/\/i0.wp.com\/coralpapeleria.cl\/wp-content\/uploads\/2023\/02\/Diseno-sin-titulo-8.png?resize=350%2C200&ssl=1","width":350,"height":200},"classes":[]},{"id":1126,"url":"https:\/\/coralpapeleria.cl\/index.php\/product\/block-2-memo-stick-3-colores-neon\/","url_meta":{"origin":865,"position":5},"title":"Block 2 Memo Stick 3 Colores Neon","date":"21 de febrero de 2023","format":false,"excerpt":"Block de notas Isofit 38x51 cm \u2013 2 Unidades \u2013 3 Colores neon \u2013 200 Hojas \u2013 38x 51 mm.","rel":"","context":"Entrada similar","img":{"alt_text":"","src":"https:\/\/i0.wp.com\/coralpapeleria.cl\/wp-content\/uploads\/2023\/02\/Diseno-sin-titulo-17.png?resize=350%2C200&ssl=1","width":350,"height":200},"classes":[]}],"_links":{"self":[{"href":"https:\/\/coralpapeleria.cl\/index.php\/wp-json\/wp\/v2\/product\/865","targetHints":{"allow":["GET"]}}],"collection":[{"href":"https:\/\/coralpapeleria.cl\/index.php\/wp-json\/wp\/v2\/product"}],"about":[{"href":"https:\/\/coralpapeleria.cl\/index.php\/wp-json\/wp\/v2\/types\/product"}],"replies":[{"embeddable":true,"href":"https:\/\/coralpapeleria.cl\/index.php\/wp-json\/wp\/v2\/comments?post=865"}],"wp:featuredmedia":[{"embeddable":true,"href":"https:\/\/coralpapeleria.cl\/index.php\/wp-json\/wp\/v2\/media\/866"}],"wp:attachment":[{"href":"https:\/\/coralpapeleria.cl\/index.php\/wp-json\/wp\/v2\/media?parent=865"}],"wp:term":[{"taxonomy":"product_cat","embeddable":true,"href":"https:\/\/coralpapeleria.cl\/index.php\/wp-json\/wp\/v2\/product_cat?post=865"},{"taxonomy":"product_tag","embeddable":true,"href":"https:\/\/coralpapeleria.cl\/index.php\/wp-json\/wp\/v2\/product_tag?post=865"}],"curies":[{"name":"wp","href":"https:\/\/api.w.org\/{rel}","templated":true}]}}