{"id":869,"date":"2022-03-07T05:23:38","date_gmt":"2022-03-07T05:23:38","guid":{"rendered":"https:\/\/coralpapeleria.cl\/?post_type=product&#038;p=869"},"modified":"2023-02-18T19:50:13","modified_gmt":"2023-02-18T19:50:13","slug":"lapiz-gel-3-unidades-isofit","status":"publish","type":"product","link":"https:\/\/coralpapeleria.cl\/index.php\/product\/lapiz-gel-3-unidades-isofit\/","title":{"rendered":"Lapiz Gel 3 Unidades Isofit"},"content":{"rendered":"","protected":false},"excerpt":{"rendered":"","protected":false},"featured_media":870,"comment_status":"open","ping_status":"closed","template":"","meta":{"spay_email":"","_joinchat":[]},"product_cat":[95],"product_tag":[161,117,159,160],"class_list":["post-869","product","type-product","status-publish","has-post-thumbnail","hentry","product_cat-lapices-pasta-y-gel","product_tag-boligrafo","product_tag-isofit","product_tag-lapices-gel","product_tag-lapiz-pasta"],"jetpack-related-posts":[{"id":747,"url":"https:\/\/coralpapeleria.cl\/index.php\/product\/boligrafos-gel-3-unidades-isofit\/","url_meta":{"origin":869,"position":0},"title":"Bol\u00edgrafos Gel 3 unidades- Isofit","date":"12 de febrero de 2022","format":false,"excerpt":"Set 3 bol\u00edgrafos gel negro. 3 unidades. Tama\u00f1os: 0.5, 0.7, 1.0.","rel":"","context":"Entrada similar","img":{"alt_text":"","src":"https:\/\/i0.wp.com\/coralpapeleria.cl\/wp-content\/uploads\/2022\/02\/productoss-6.jpg?resize=350%2C200&ssl=1","width":350,"height":200},"classes":[]},{"id":745,"url":"https:\/\/coralpapeleria.cl\/index.php\/product\/lapiz-faber-castell-gel-azul\/","url_meta":{"origin":869,"position":1},"title":"L\u00e1piz Gel Azul &#8211; Faber Castell","date":"12 de febrero de 2022","format":false,"excerpt":"L\u00e1piz gel azul 0.7. Gelroller.","rel":"","context":"Entrada similar","img":{"alt_text":"","src":"https:\/\/i0.wp.com\/coralpapeleria.cl\/wp-content\/uploads\/2022\/02\/productoss-4.jpg?resize=350%2C200&ssl=1","width":350,"height":200},"classes":[]},{"id":1126,"url":"https:\/\/coralpapeleria.cl\/index.php\/product\/block-2-memo-stick-3-colores-neon\/","url_meta":{"origin":869,"position":2},"title":"Block 2 Memo Stick 3 Colores Neon","date":"21 de febrero de 2023","format":false,"excerpt":"Block de notas Isofit 38x51 cm \u2013 2 Unidades \u2013 3 Colores neon \u2013 200 Hojas \u2013 38x 51 mm.","rel":"","context":"Entrada similar","img":{"alt_text":"","src":"https:\/\/i0.wp.com\/coralpapeleria.cl\/wp-content\/uploads\/2023\/02\/Diseno-sin-titulo-17.png?resize=350%2C200&ssl=1","width":350,"height":200},"classes":[]},{"id":783,"url":"https:\/\/coralpapeleria.cl\/index.php\/product\/clips\/","url_meta":{"origin":869,"position":3},"title":"Caja Clips Metalicos","date":"3 de marzo de 2022","format":false,"excerpt":"Caja Clips Metalicos Isofit. 33 mm. 100 unidades. \u00a0","rel":"","context":"Entrada similar","img":{"alt_text":"","src":"https:\/\/i0.wp.com\/coralpapeleria.cl\/wp-content\/uploads\/2022\/03\/productoss-2.png?resize=350%2C200&ssl=1","width":350,"height":200},"classes":[]},{"id":787,"url":"https:\/\/coralpapeleria.cl\/index.php\/product\/caja-apretadores-rose-gold\/","url_meta":{"origin":869,"position":4},"title":"Caja Apretadores Rose Gold","date":"4 de marzo de 2022","format":false,"excerpt":"Caja Apretadores Isofit. 19 mm. 12 unidades.","rel":"","context":"Entrada similar","img":{"alt_text":"","src":"https:\/\/i0.wp.com\/coralpapeleria.cl\/wp-content\/uploads\/2022\/03\/productoss.png?resize=350%2C200&ssl=1","width":350,"height":200},"classes":[]},{"id":867,"url":"https:\/\/coralpapeleria.cl\/index.php\/product\/caja-clips-rose-gold\/","url_meta":{"origin":869,"position":5},"title":"Caja Clips Rose Gold","date":"7 de marzo de 2022","format":false,"excerpt":"Caja Clips Isofit Rose Gold. 100 unidades. 33 mm.","rel":"","context":"Entrada similar","img":{"alt_text":"","src":"https:\/\/i0.wp.com\/coralpapeleria.cl\/wp-content\/uploads\/2022\/03\/clips-2.png?resize=350%2C200&ssl=1","width":350,"height":200},"classes":[]}],"_links":{"self":[{"href":"https:\/\/coralpapeleria.cl\/index.php\/wp-json\/wp\/v2\/product\/869","targetHints":{"allow":["GET"]}}],"collection":[{"href":"https:\/\/coralpapeleria.cl\/index.php\/wp-json\/wp\/v2\/product"}],"about":[{"href":"https:\/\/coralpapeleria.cl\/index.php\/wp-json\/wp\/v2\/types\/product"}],"replies":[{"embeddable":true,"href":"https:\/\/coralpapeleria.cl\/index.php\/wp-json\/wp\/v2\/comments?post=869"}],"wp:featuredmedia":[{"embeddable":true,"href":"https:\/\/coralpapeleria.cl\/index.php\/wp-json\/wp\/v2\/media\/870"}],"wp:attachment":[{"href":"https:\/\/coralpapeleria.cl\/index.php\/wp-json\/wp\/v2\/media?parent=869"}],"wp:term":[{"taxonomy":"product_cat","embeddable":true,"href":"https:\/\/coralpapeleria.cl\/index.php\/wp-json\/wp\/v2\/product_cat?post=869"},{"taxonomy":"product_tag","embeddable":true,"href":"https:\/\/coralpapeleria.cl\/index.php\/wp-json\/wp\/v2\/product_tag?post=869"}],"curies":[{"name":"wp","href":"https:\/\/api.w.org\/{rel}","templated":true}]}}