{"id":875,"date":"2022-03-07T15:46:44","date_gmt":"2022-03-07T15:46:44","guid":{"rendered":"https:\/\/coralpapeleria.cl\/?post_type=product&#038;p=875"},"modified":"2022-03-07T15:46:44","modified_gmt":"2022-03-07T15:46:44","slug":"destacadores-neon-faber-castell","status":"publish","type":"product","link":"https:\/\/coralpapeleria.cl\/index.php\/product\/destacadores-neon-faber-castell\/","title":{"rendered":"Destacadores Ne\u00f3n Faber Castell"},"content":{"rendered":"","protected":false},"excerpt":{"rendered":"","protected":false},"featured_media":876,"comment_status":"open","ping_status":"closed","template":"","meta":{"spay_email":"","_joinchat":[]},"product_cat":[72,79],"product_tag":[74,89,88],"class_list":["post-875","product","type-product","status-publish","has-post-thumbnail","hentry","product_cat-destacadores","product_cat-faber-castell-destacadores","product_tag-destacador","product_tag-faber-castell","product_tag-neon"],"jetpack-related-posts":[{"id":611,"url":"https:\/\/coralpapeleria.cl\/index.php\/product\/grip-finepen-neon\/","url_meta":{"origin":875,"position":0},"title":"Grip Finepen Ne\u00f3n","date":"11 de febrero de 2022","format":false,"excerpt":"Tira l\u00edneas 5 colores ne\u00f3n Punta de 0.4 mm","rel":"","context":"Entrada similar","img":{"alt_text":"","src":"https:\/\/i0.wp.com\/coralpapeleria.cl\/wp-content\/uploads\/2022\/02\/Stabilo-Boss-4.jpg?resize=350%2C200&ssl=1","width":350,"height":200},"classes":[]},{"id":900,"url":"https:\/\/coralpapeleria.cl\/index.php\/product\/destacador-48-super-fluorescent-rojo\/","url_meta":{"origin":875,"position":1},"title":"Destacador 48 Super Fluorescent Rojo","date":"7 de marzo de 2022","format":false,"excerpt":"Caracter\u00edsticas: Punta biselada Tres anchos de trazo: 5.0mm, 2.0mm y 1.0mm Cuerpo opaco Larga duraci\u00f3n","rel":"","context":"Entrada similar","img":{"alt_text":"","src":"https:\/\/i0.wp.com\/coralpapeleria.cl\/wp-content\/uploads\/2022\/03\/faber-castell-1.jpg?resize=350%2C200&ssl=1","width":350,"height":200},"classes":[]},{"id":903,"url":"https:\/\/coralpapeleria.cl\/index.php\/product\/destacador-48-super-fluorescent-rosado\/","url_meta":{"origin":875,"position":2},"title":"Destacador 48 Super Fluorescent Rosado","date":"7 de marzo de 2022","format":false,"excerpt":"Caracter\u00edsticas: Punta biselada Tres anchos de trazo: 5.0mm, 2.0mm y 1.0mm Cuerpo opaco Larga duraci\u00f3n","rel":"","context":"Entrada similar","img":{"alt_text":"","src":"https:\/\/i0.wp.com\/coralpapeleria.cl\/wp-content\/uploads\/2022\/03\/faber-castell-4.jpg?resize=350%2C200&ssl=1","width":350,"height":200},"classes":[]},{"id":908,"url":"https:\/\/coralpapeleria.cl\/index.php\/product\/destacador-48-super-fluorescent-naranjo\/","url_meta":{"origin":875,"position":3},"title":"Destacador 48 Super Fluorescent Naranjo","date":"7 de marzo de 2022","format":false,"excerpt":"Caracter\u00edsticas: Punta biselada Tres anchos de trazo: 5.0mm, 2.0mm y 1.0mm Cuerpo opaco Larga duraci\u00f3n","rel":"","context":"Entrada similar","img":{"alt_text":"","src":"https:\/\/i0.wp.com\/coralpapeleria.cl\/wp-content\/uploads\/2022\/03\/faber-castell-9.jpg?resize=350%2C200&ssl=1","width":350,"height":200},"classes":[]},{"id":911,"url":"https:\/\/coralpapeleria.cl\/index.php\/product\/destacador-48-super-fluorescent-celeste\/","url_meta":{"origin":875,"position":4},"title":"Destacador 48 Super Fluorescent Celeste","date":"7 de marzo de 2022","format":false,"excerpt":"Caracter\u00edsticas: Punta biselada Tres anchos de trazo: 5.0mm, 2.0mm y 1.0mm Cuerpo opaco Larga duraci\u00f3n","rel":"","context":"Entrada similar","img":{"alt_text":"","src":"https:\/\/i0.wp.com\/coralpapeleria.cl\/wp-content\/uploads\/2022\/03\/faber-castell-11.jpg?resize=350%2C200&ssl=1","width":350,"height":200},"classes":[]},{"id":743,"url":"https:\/\/coralpapeleria.cl\/index.php\/product\/set-destacadores-faber-castell\/","url_meta":{"origin":875,"position":5},"title":"Set Destacadores Faber Castell Pastel","date":"12 de febrero de 2022","format":false,"excerpt":"Set 8 destacadores 1546 pastel. Los destacadores tienen una punta con tres tipos de grosor, as\u00ed podr\u00e1s subrayar peque\u00f1os y grandes fragmentos de tus textos. Su tinta a base de agua tiene pigmentos de alta calidad que, a pesar de no ser fluorescentes, impregnan la hoja y resaltan p\u00e1rrafos completos\u2026","rel":"","context":"Entrada similar","img":{"alt_text":"","src":"https:\/\/i0.wp.com\/coralpapeleria.cl\/wp-content\/uploads\/2022\/02\/Diseno-sin-titulo-3.png?resize=350%2C200&ssl=1","width":350,"height":200},"classes":[]}],"_links":{"self":[{"href":"https:\/\/coralpapeleria.cl\/index.php\/wp-json\/wp\/v2\/product\/875","targetHints":{"allow":["GET"]}}],"collection":[{"href":"https:\/\/coralpapeleria.cl\/index.php\/wp-json\/wp\/v2\/product"}],"about":[{"href":"https:\/\/coralpapeleria.cl\/index.php\/wp-json\/wp\/v2\/types\/product"}],"replies":[{"embeddable":true,"href":"https:\/\/coralpapeleria.cl\/index.php\/wp-json\/wp\/v2\/comments?post=875"}],"wp:featuredmedia":[{"embeddable":true,"href":"https:\/\/coralpapeleria.cl\/index.php\/wp-json\/wp\/v2\/media\/876"}],"wp:attachment":[{"href":"https:\/\/coralpapeleria.cl\/index.php\/wp-json\/wp\/v2\/media?parent=875"}],"wp:term":[{"taxonomy":"product_cat","embeddable":true,"href":"https:\/\/coralpapeleria.cl\/index.php\/wp-json\/wp\/v2\/product_cat?post=875"},{"taxonomy":"product_tag","embeddable":true,"href":"https:\/\/coralpapeleria.cl\/index.php\/wp-json\/wp\/v2\/product_tag?post=875"}],"curies":[{"name":"wp","href":"https:\/\/api.w.org\/{rel}","templated":true}]}}