{"id":883,"date":"2022-03-07T16:35:09","date_gmt":"2022-03-07T16:35:09","guid":{"rendered":"https:\/\/coralpapeleria.cl\/?post_type=product&#038;p=883"},"modified":"2023-02-24T19:40:52","modified_gmt":"2023-02-24T19:40:52","slug":"boligrafo-032-medium-celeste","status":"publish","type":"product","link":"https:\/\/coralpapeleria.cl\/index.php\/product\/boligrafo-032-medium-celeste\/","title":{"rendered":"Boligrafo 032 Medium Celeste"},"content":{"rendered":"","protected":false},"excerpt":{"rendered":"<p>Boligrafo 032 Medium Celeste Faber Castell.<\/p>\n","protected":false},"featured_media":884,"comment_status":"open","ping_status":"closed","template":"","meta":{"spay_email":"","_joinchat":[]},"product_cat":[95],"product_tag":[164,161,75,89,160,163],"class_list":["post-883","product","type-product","status-publish","has-post-thumbnail","hentry","product_cat-lapices-pasta-y-gel","product_tag-032-medium","product_tag-boligrafo","product_tag-celeste","product_tag-faber-castell","product_tag-lapiz-pasta","product_tag-trilux"],"jetpack-related-posts":[{"id":885,"url":"https:\/\/coralpapeleria.cl\/index.php\/product\/boligrafo-032-medium-naranjo\/","url_meta":{"origin":883,"position":0},"title":"Bol\u00edgrafo 032 Medium Naranjo","date":"7 de marzo de 2022","format":false,"excerpt":"Bol\u00edgrafo 032 Medium Naranjo Faber Castell.","rel":"","context":"Entrada similar","img":{"alt_text":"","src":"https:\/\/i0.wp.com\/coralpapeleria.cl\/wp-content\/uploads\/2022\/03\/trilu.jpg?resize=350%2C200&ssl=1","width":350,"height":200},"classes":[]},{"id":887,"url":"https:\/\/coralpapeleria.cl\/index.php\/product\/boligrafo-032-medium-verde\/","url_meta":{"origin":883,"position":1},"title":"Bol\u00edgrafo 032 Medium Verde","date":"7 de marzo de 2022","format":false,"excerpt":"Bol\u00edgrafo 032 Medium Verde Faber Castell.","rel":"","context":"Entrada similar","img":{"alt_text":"","src":"https:\/\/i0.wp.com\/coralpapeleria.cl\/wp-content\/uploads\/2022\/03\/trilu-1.jpg?resize=350%2C200&ssl=1","width":350,"height":200},"classes":[]},{"id":896,"url":"https:\/\/coralpapeleria.cl\/index.php\/product\/boligrafo-032-medium-cafe\/","url_meta":{"origin":883,"position":2},"title":"Bol\u00edgrafo 032 Medium Caf\u00e9","date":"7 de marzo de 2022","format":false,"excerpt":"Bol\u00edgrafo 032 Medium Caf\u00e9 Faber Castell.","rel":"","context":"Entrada similar","img":{"alt_text":"","src":"https:\/\/i0.wp.com\/coralpapeleria.cl\/wp-content\/uploads\/2022\/03\/trilu-8.jpg?resize=350%2C200&ssl=1","width":350,"height":200},"classes":[]},{"id":890,"url":"https:\/\/coralpapeleria.cl\/index.php\/product\/boligrafo-032-medium-rosado\/","url_meta":{"origin":883,"position":3},"title":"Bol\u00edgrafo 032 Medium Rosado","date":"7 de marzo de 2022","format":false,"excerpt":"Bol\u00edgrafo 032 Medium Rosado Faber Castell.","rel":"","context":"Entrada similar","img":{"alt_text":"","src":"https:\/\/i0.wp.com\/coralpapeleria.cl\/wp-content\/uploads\/2022\/03\/trilu-2-1.jpg?resize=350%2C200&ssl=1","width":350,"height":200},"classes":[]},{"id":892,"url":"https:\/\/coralpapeleria.cl\/index.php\/product\/boligrafo-032-medium-morado\/","url_meta":{"origin":883,"position":4},"title":"Bol\u00edgrafo 032 Medium Morado","date":"7 de marzo de 2022","format":false,"excerpt":"Bol\u00edgrafo 032 Medium Morado Faber Castell.","rel":"","context":"Entrada similar","img":{"alt_text":"","src":"https:\/\/i0.wp.com\/coralpapeleria.cl\/wp-content\/uploads\/2022\/03\/trilu-3.jpg?resize=350%2C200&ssl=1","width":350,"height":200},"classes":[]},{"id":898,"url":"https:\/\/coralpapeleria.cl\/index.php\/product\/boligrafo-032-medium-dorado\/","url_meta":{"origin":883,"position":5},"title":"Bol\u00edgrafo 032 Medium Dorado","date":"7 de marzo de 2022","format":false,"excerpt":"Bol\u00edgrafo 032 Medium Dorado Faber Castell.","rel":"","context":"Entrada similar","img":{"alt_text":"","src":"https:\/\/i0.wp.com\/coralpapeleria.cl\/wp-content\/uploads\/2022\/03\/trilu-9.jpg?resize=350%2C200&ssl=1","width":350,"height":200},"classes":[]}],"_links":{"self":[{"href":"https:\/\/coralpapeleria.cl\/index.php\/wp-json\/wp\/v2\/product\/883","targetHints":{"allow":["GET"]}}],"collection":[{"href":"https:\/\/coralpapeleria.cl\/index.php\/wp-json\/wp\/v2\/product"}],"about":[{"href":"https:\/\/coralpapeleria.cl\/index.php\/wp-json\/wp\/v2\/types\/product"}],"replies":[{"embeddable":true,"href":"https:\/\/coralpapeleria.cl\/index.php\/wp-json\/wp\/v2\/comments?post=883"}],"wp:featuredmedia":[{"embeddable":true,"href":"https:\/\/coralpapeleria.cl\/index.php\/wp-json\/wp\/v2\/media\/884"}],"wp:attachment":[{"href":"https:\/\/coralpapeleria.cl\/index.php\/wp-json\/wp\/v2\/media?parent=883"}],"wp:term":[{"taxonomy":"product_cat","embeddable":true,"href":"https:\/\/coralpapeleria.cl\/index.php\/wp-json\/wp\/v2\/product_cat?post=883"},{"taxonomy":"product_tag","embeddable":true,"href":"https:\/\/coralpapeleria.cl\/index.php\/wp-json\/wp\/v2\/product_tag?post=883"}],"curies":[{"name":"wp","href":"https:\/\/api.w.org\/{rel}","templated":true}]}}