{"id":997,"date":"2022-03-21T01:50:40","date_gmt":"2022-03-21T01:50:40","guid":{"rendered":"https:\/\/coralpapeleria.cl\/?post_type=product&#038;p=997"},"modified":"2022-07-31T20:15:03","modified_gmt":"2022-07-31T20:15:03","slug":"marcador-permanente-negro-faber-castell","status":"publish","type":"product","link":"https:\/\/coralpapeleria.cl\/index.php\/product\/marcador-permanente-negro-faber-castell\/","title":{"rendered":"Marcador Permanente Negro Faber Castell"},"content":{"rendered":"","protected":false},"excerpt":{"rendered":"","protected":false},"featured_media":999,"comment_status":"open","ping_status":"closed","template":"","meta":{"spay_email":"","_joinchat":[]},"product_cat":[180],"product_tag":[89,181,182],"class_list":["post-997","product","type-product","status-publish","has-post-thumbnail","hentry","product_cat-lapiz-permanente","product_tag-faber-castell","product_tag-marcador","product_tag-permanente"],"jetpack-related-posts":[{"id":1001,"url":"https:\/\/coralpapeleria.cl\/index.php\/product\/marcador-permanente-verde-faber-castell\/","url_meta":{"origin":997,"position":0},"title":"Marcador Permanente Verde Faber Castell","date":"21 de marzo de 2022","format":false,"excerpt":"","rel":"","context":"Entrada similar","img":{"alt_text":"","src":"https:\/\/i0.wp.com\/coralpapeleria.cl\/wp-content\/uploads\/2022\/03\/lapiz-permanente-3.jpg?resize=350%2C200&ssl=1","width":350,"height":200},"classes":[]},{"id":1004,"url":"https:\/\/coralpapeleria.cl\/index.php\/product\/marcador-permanente-azul\/","url_meta":{"origin":997,"position":1},"title":"Marcador Permanente Azul Faber Castell","date":"21 de marzo de 2022","format":false,"excerpt":"","rel":"","context":"Entrada similar","img":{"alt_text":"","src":"https:\/\/i0.wp.com\/coralpapeleria.cl\/wp-content\/uploads\/2022\/03\/lapiz-permanente-4.jpg?resize=350%2C200&ssl=1","width":350,"height":200},"classes":[]},{"id":792,"url":"https:\/\/coralpapeleria.cl\/index.php\/product\/set-super-balde-connector-50\/","url_meta":{"origin":997,"position":2},"title":"Set Super Balde Connector 50","date":"4 de marzo de 2022","format":false,"excerpt":"Set Super Blade Connector 50. Faber Castell.","rel":"","context":"Entrada similar","img":{"alt_text":"","src":"https:\/\/i0.wp.com\/coralpapeleria.cl\/wp-content\/uploads\/2022\/03\/productoss-4.png?resize=350%2C200&ssl=1","width":350,"height":200},"classes":[]},{"id":875,"url":"https:\/\/coralpapeleria.cl\/index.php\/product\/destacadores-neon-faber-castell\/","url_meta":{"origin":997,"position":3},"title":"Destacadores Ne\u00f3n Faber Castell","date":"7 de marzo de 2022","format":false,"excerpt":"","rel":"","context":"Entrada similar","img":{"alt_text":"","src":"https:\/\/i0.wp.com\/coralpapeleria.cl\/wp-content\/uploads\/2022\/03\/destacador.jpg?resize=350%2C200&ssl=1","width":350,"height":200},"classes":[]},{"id":1113,"url":"https:\/\/coralpapeleria.cl\/index.php\/product\/set-stabilo-point-88-40-colores\/","url_meta":{"origin":997,"position":4},"title":"Set Stabilo Point 88 &#8211; 40 Colores","date":"20 de febrero de 2023","format":false,"excerpt":"40 Tiral\u00edneas o fineliner punta 0,4 mm POINT 88 bl\u00edster colores surtidos","rel":"","context":"Entrada similar","img":{"alt_text":"","src":"https:\/\/i0.wp.com\/coralpapeleria.cl\/wp-content\/uploads\/2023\/02\/Diseno-sin-titulo-8.png?resize=350%2C200&ssl=1","width":350,"height":200},"classes":[]},{"id":798,"url":"https:\/\/coralpapeleria.cl\/index.php\/product\/ecolapices-bicolor-faber-castell\/","url_meta":{"origin":997,"position":5},"title":"Ecol\u00e1pices Bicolor 12","date":"4 de marzo de 2022","format":false,"excerpt":"Ecol\u00e1pices Bicolor Faber Castell. 12 l\u00e1pices +2 l\u00e1pices grafito + goma + sacapuntas.","rel":"","context":"Entrada similar","img":{"alt_text":"","src":"https:\/\/i0.wp.com\/coralpapeleria.cl\/wp-content\/uploads\/2022\/03\/productoss-7.png?resize=350%2C200&ssl=1","width":350,"height":200},"classes":[]}],"_links":{"self":[{"href":"https:\/\/coralpapeleria.cl\/index.php\/wp-json\/wp\/v2\/product\/997","targetHints":{"allow":["GET"]}}],"collection":[{"href":"https:\/\/coralpapeleria.cl\/index.php\/wp-json\/wp\/v2\/product"}],"about":[{"href":"https:\/\/coralpapeleria.cl\/index.php\/wp-json\/wp\/v2\/types\/product"}],"replies":[{"embeddable":true,"href":"https:\/\/coralpapeleria.cl\/index.php\/wp-json\/wp\/v2\/comments?post=997"}],"wp:featuredmedia":[{"embeddable":true,"href":"https:\/\/coralpapeleria.cl\/index.php\/wp-json\/wp\/v2\/media\/999"}],"wp:attachment":[{"href":"https:\/\/coralpapeleria.cl\/index.php\/wp-json\/wp\/v2\/media?parent=997"}],"wp:term":[{"taxonomy":"product_cat","embeddable":true,"href":"https:\/\/coralpapeleria.cl\/index.php\/wp-json\/wp\/v2\/product_cat?post=997"},{"taxonomy":"product_tag","embeddable":true,"href":"https:\/\/coralpapeleria.cl\/index.php\/wp-json\/wp\/v2\/product_tag?post=997"}],"curies":[{"name":"wp","href":"https:\/\/api.w.org\/{rel}","templated":true}]}}